{"id":21,"date":"2022-10-10T13:18:11","date_gmt":"2022-10-10T11:18:11","guid":{"rendered":"https:\/\/xn--comidacaseralasnias-c4b.com\/?page_id=21"},"modified":"2025-01-09T09:16:00","modified_gmt":"2025-01-09T08:16:00","slug":"quienes-somos","status":"publish","type":"page","link":"https:\/\/comidacaserayecikaygloria.com\/en\/quienes-somos\/","title":{"rendered":"Quienes somos"},"content":{"rendered":"<div data-elementor-type=\"wp-page\" data-elementor-id=\"21\" class=\"elementor elementor-21\" data-elementor-post-type=\"page\">\n\t\t\t\t\t\t<section class=\"elementor-section elementor-top-section elementor-element elementor-element-4caf35dd elementor-section-height-min-height elementor-section-content-middle elementor-section-boxed elementor-section-height-default elementor-section-items-middle\" data-id=\"4caf35dd\" data-element_type=\"section\" data-settings=\"{&quot;background_background&quot;:&quot;classic&quot;}\">\n\t\t\t\t\t\t\t<div class=\"elementor-background-overlay\"><\/div>\n\t\t\t\t\t\t\t<div class=\"elementor-container elementor-column-gap-no\">\n\t\t\t\t\t<div class=\"elementor-column elementor-col-100 elementor-top-column elementor-element elementor-element-72c41d2f elementor-invisible\" data-id=\"72c41d2f\" data-element_type=\"column\" data-settings=\"{&quot;animation&quot;:&quot;fadeInUp&quot;}\">\n\t\t\t<div class=\"elementor-widget-wrap elementor-element-populated\">\n\t\t\t\t\t\t<div class=\"elementor-element elementor-element-540042e7 elementor-icon-list--layout-inline elementor-mobile-align-center elementor-list-item-link-full_width elementor-widget elementor-widget-icon-list\" data-id=\"540042e7\" data-element_type=\"widget\" data-widget_type=\"icon-list.default\">\n\t\t\t\t<div class=\"elementor-widget-container\">\n\t\t\t\t\t<ul class=\"elementor-icon-list-items elementor-inline-items\">\n\t\t\t\t\t\t\t<li class=\"elementor-icon-list-item elementor-inline-item\">\n\t\t\t\t\t\t\t\t\t\t\t<a href=\"https:\/\/xn--comidacaseralasnias-c4b.com\/\">\n\n\t\t\t\t\t\t\t\t\t\t\t<span class=\"elementor-icon-list-text\">Inicio<\/span>\n\t\t\t\t\t\t\t\t\t\t\t<\/a>\n\t\t\t\t\t\t\t\t\t<\/li>\n\t\t\t\t\t\t\t\t<li class=\"elementor-icon-list-item elementor-inline-item\">\n\t\t\t\t\t\t\t\t\t\t\t<a href=\"#\">\n\n\t\t\t\t\t\t\t\t\t\t\t\t<span class=\"elementor-icon-list-icon\">\n\t\t\t\t\t\t\t<i aria-hidden=\"true\" class=\"fas fa-angle-right\"><\/i>\t\t\t\t\t\t<\/span>\n\t\t\t\t\t\t\t\t\t\t<span class=\"elementor-icon-list-text\"><\/span>\n\t\t\t\t\t\t\t\t\t\t\t<\/a>\n\t\t\t\t\t\t\t\t\t<\/li>\n\t\t\t\t\t\t<\/ul>\n\t\t\t\t<\/div>\n\t\t\t\t<\/div>\n\t\t\t\t\t<\/div>\n\t\t<\/div>\n\t\t\t\t\t<\/div>\n\t\t<\/section>\n\t\t\t\t<section class=\"elementor-section elementor-top-section elementor-element elementor-element-469b9dd6 elementor-section-boxed elementor-section-height-default elementor-section-height-default elementor-invisible\" data-id=\"469b9dd6\" data-element_type=\"section\" data-settings=\"{&quot;animation&quot;:&quot;fadeInUp&quot;}\">\n\t\t\t\t\t\t<div class=\"elementor-container elementor-column-gap-no\">\n\t\t\t\t\t<div class=\"elementor-column elementor-col-50 elementor-top-column elementor-element elementor-element-7808d08f\" data-id=\"7808d08f\" data-element_type=\"column\">\n\t\t\t<div class=\"elementor-widget-wrap elementor-element-populated\">\n\t\t\t\t\t\t<div class=\"elementor-element elementor-element-49a6eedd elementor-widget__width-auto elementor-widget elementor-widget-heading\" data-id=\"49a6eedd\" data-element_type=\"widget\" data-widget_type=\"heading.default\">\n\t\t\t\t<div class=\"elementor-widget-container\">\n\t\t\t<span class=\"elementor-heading-title elementor-size-default\">nosotros<\/span>\t\t<\/div>\n\t\t\t\t<\/div>\n\t\t\t\t<div class=\"elementor-element elementor-element-588d4095 elementor-widget elementor-widget-heading\" data-id=\"588d4095\" data-element_type=\"widget\" data-widget_type=\"heading.default\">\n\t\t\t\t<div class=\"elementor-widget-container\">\n\t\t\t<h2 class=\"elementor-heading-title elementor-size-default\">Las ni\u00f1as<\/h2>\t\t<\/div>\n\t\t\t\t<\/div>\n\t\t\t\t<div class=\"elementor-element elementor-element-455ab272 elementor-widget elementor-widget-heading\" data-id=\"455ab272\" data-element_type=\"widget\" data-widget_type=\"heading.default\">\n\t\t\t\t<div class=\"elementor-widget-container\">\n\t\t\t<h6 class=\"elementor-heading-title elementor-size-default\">Nuestro compromiso se basa en que t\u00fa cuentes con nuestra cocina y la disfrutes.<\/h6>\t\t<\/div>\n\t\t\t\t<\/div>\n\t\t\t\t<div class=\"elementor-element elementor-element-6c4a6d16 elementor-widget elementor-widget-text-editor\" data-id=\"6c4a6d16\" data-element_type=\"widget\" data-widget_type=\"text-editor.default\">\n\t\t\t\t<div class=\"elementor-widget-container\">\n\t\t\t\t\t\t\t<p>En una actualidad marcada por un exceso de alimentos procesados, conservantes, aditivos etc&#8230; Las Ni\u00f1as te ofrecen dedicar el tiempo y el cari\u00f1o para elaborar una comida casera que te deleite sin sacrificar y posponer las cosas importantes, te ofrecemos una selecci\u00f3n de productos de calidad a precios muy competitivos.<\/p><p>En Las Ni\u00f1as, nuestra misi\u00f3n va m\u00e1s all\u00e1 de ofrecerte una simple comida casera. Creemos en la importancia de compartir momentos en familia, celebrar ocasiones especiales y disfrutar de una buena comida en la comodidad de tu hogar.\u00a0<\/p><p>Con cada receta que preparamos, ponemos nuestro coraz\u00f3n y dedicaci\u00f3n.\u00a0<\/p>\t\t\t\t\t\t<\/div>\n\t\t\t\t<\/div>\n\t\t\t\t\t<\/div>\n\t\t<\/div>\n\t\t\t\t<div class=\"elementor-column elementor-col-50 elementor-top-column elementor-element elementor-element-3601f85\" data-id=\"3601f85\" data-element_type=\"column\">\n\t\t\t<div class=\"elementor-widget-wrap elementor-element-populated\">\n\t\t\t\t\t\t<div class=\"elementor-element elementor-element-68bef0a1 elementor-widget elementor-widget-image\" data-id=\"68bef0a1\" data-element_type=\"widget\" data-widget_type=\"image.default\">\n\t\t\t\t<div class=\"elementor-widget-container\">\n\t\t\t\t\t\t\t\t\t\t\t\t\t<img fetchpriority=\"high\" decoding=\"async\" width=\"800\" height=\"800\" src=\"https:\/\/comidacaserayecikaygloria.com\/wp-content\/uploads\/20241020210624-1024x1024.jpg\" class=\"attachment-large size-large wp-image-1423\" alt=\"\" srcset=\"https:\/\/comidacaserayecikaygloria.com\/wp-content\/uploads\/20241020210624-1024x1024.jpg 1024w, https:\/\/comidacaserayecikaygloria.com\/wp-content\/uploads\/20241020210624-300x300.jpg 300w, https:\/\/comidacaserayecikaygloria.com\/wp-content\/uploads\/20241020210624-150x150.jpg 150w, https:\/\/comidacaserayecikaygloria.com\/wp-content\/uploads\/20241020210624-768x768.jpg 768w, https:\/\/comidacaserayecikaygloria.com\/wp-content\/uploads\/20241020210624-12x12.jpg 12w, https:\/\/comidacaserayecikaygloria.com\/wp-content\/uploads\/20241020210624-600x600.jpg 600w, https:\/\/comidacaserayecikaygloria.com\/wp-content\/uploads\/20241020210624-100x100.jpg 100w, https:\/\/comidacaserayecikaygloria.com\/wp-content\/uploads\/20241020210624.jpg 1200w\" sizes=\"(max-width: 800px) 100vw, 800px\" \/>\t\t\t\t\t\t\t\t\t\t\t\t\t<\/div>\n\t\t\t\t<\/div>\n\t\t\t\t\t<\/div>\n\t\t<\/div>\n\t\t\t\t\t<\/div>\n\t\t<\/section>\n\t\t\t\t<\/div>","protected":false},"excerpt":{"rendered":"<p>Inicio nosotros Las ni\u00f1as Nuestro compromiso se basa en que t\u00fa cuentes con nuestra cocina y la disfrutes. En una actualidad marcada por un exceso de alimentos procesados, conservantes, aditivos etc&#8230; Las Ni\u00f1as te ofrecen dedicar el tiempo y el cari\u00f1o para elaborar una comida casera que te deleite sin sacrificar y posponer las cosas [&hellip;]<\/p>","protected":false},"author":1,"featured_media":64,"parent":0,"menu_order":2,"comment_status":"closed","ping_status":"closed","template":"elementor_header_footer","meta":{"_monsterinsights_skip_tracking":false,"_monsterinsights_sitenote_active":false,"_monsterinsights_sitenote_note":"","_monsterinsights_sitenote_category":0,"footnotes":""},"class_list":["post-21","page","type-page","status-publish","has-post-thumbnail","hentry"],"yoast_head":"<!-- This site is optimized with the Yoast SEO plugin v23.4 - https:\/\/yoast.com\/wordpress\/plugins\/seo\/ -->\n<title>Quienes somos - Las ni\u00f1as<\/title>\n<meta name=\"description\" content=\"Comida casera que te hace sentir en casa. Momentos familiares y ocasiones especiales con Las Ni\u00f1as\" \/>\n<meta name=\"robots\" content=\"index, follow, max-snippet:-1, max-image-preview:large, max-video-preview:-1\" \/>\n<link rel=\"canonical\" href=\"https:\/\/comidacaserayecikaygloria.com\/en\/quienes-somos\/\" \/>\n<meta property=\"og:locale\" content=\"en_GB\" \/>\n<meta property=\"og:type\" content=\"article\" \/>\n<meta property=\"og:title\" content=\"Quienes somos - Las ni\u00f1as\" \/>\n<meta property=\"og:description\" content=\"Comida casera que te hace sentir en casa. Momentos familiares y ocasiones especiales con Las Ni\u00f1as\" \/>\n<meta property=\"og:url\" content=\"https:\/\/comidacaserayecikaygloria.com\/en\/quienes-somos\/\" \/>\n<meta property=\"og:site_name\" content=\"Las ni\u00f1as\" \/>\n<meta property=\"article:modified_time\" content=\"2025-01-09T08:16:00+00:00\" \/>\n<meta property=\"og:image\" content=\"https:\/\/comidacaserayecikaygloria.com\/wp-content\/uploads\/favicon-las-ninas.jpg\" \/>\n\t<meta property=\"og:image:width\" content=\"512\" \/>\n\t<meta property=\"og:image:height\" content=\"512\" \/>\n\t<meta property=\"og:image:type\" content=\"image\/jpeg\" \/>\n<meta name=\"twitter:card\" content=\"summary_large_image\" \/>\n<meta name=\"twitter:label1\" content=\"Estimated reading time\" \/>\n\t<meta name=\"twitter:data1\" content=\"1 minute\" \/>\n<script type=\"application\/ld+json\" class=\"yoast-schema-graph\">{\"@context\":\"https:\/\/schema.org\",\"@graph\":[{\"@type\":\"WebPage\",\"@id\":\"https:\/\/comidacaserayecikaygloria.com\/quienes-somos\/\",\"url\":\"https:\/\/comidacaserayecikaygloria.com\/quienes-somos\/\",\"name\":\"Quienes somos - Las ni\u00f1as\",\"isPartOf\":{\"@id\":\"https:\/\/comidacaserayecikaygloria.com\/#website\"},\"primaryImageOfPage\":{\"@id\":\"https:\/\/comidacaserayecikaygloria.com\/quienes-somos\/#primaryimage\"},\"image\":{\"@id\":\"https:\/\/comidacaserayecikaygloria.com\/quienes-somos\/#primaryimage\"},\"thumbnailUrl\":\"https:\/\/comidacaserayecikaygloria.com\/wp-content\/uploads\/favicon-las-ninas.jpg\",\"datePublished\":\"2022-10-10T11:18:11+00:00\",\"dateModified\":\"2025-01-09T08:16:00+00:00\",\"description\":\"Comida casera que te hace sentir en casa. Momentos familiares y ocasiones especiales con Las Ni\u00f1as\",\"breadcrumb\":{\"@id\":\"https:\/\/comidacaserayecikaygloria.com\/quienes-somos\/#breadcrumb\"},\"inLanguage\":\"en-GB\",\"potentialAction\":[{\"@type\":\"ReadAction\",\"target\":[\"https:\/\/comidacaserayecikaygloria.com\/quienes-somos\/\"]}]},{\"@type\":\"ImageObject\",\"inLanguage\":\"en-GB\",\"@id\":\"https:\/\/comidacaserayecikaygloria.com\/quienes-somos\/#primaryimage\",\"url\":\"https:\/\/comidacaserayecikaygloria.com\/wp-content\/uploads\/favicon-las-ninas.jpg\",\"contentUrl\":\"https:\/\/comidacaserayecikaygloria.com\/wp-content\/uploads\/favicon-las-ninas.jpg\",\"width\":512,\"height\":512},{\"@type\":\"BreadcrumbList\",\"@id\":\"https:\/\/comidacaserayecikaygloria.com\/quienes-somos\/#breadcrumb\",\"itemListElement\":[{\"@type\":\"ListItem\",\"position\":1,\"name\":\"Portada\",\"item\":\"https:\/\/comidacaserayecikaygloria.com\/\"},{\"@type\":\"ListItem\",\"position\":2,\"name\":\"Quienes somos\"}]},{\"@type\":\"WebSite\",\"@id\":\"https:\/\/comidacaserayecikaygloria.com\/#website\",\"url\":\"https:\/\/comidacaserayecikaygloria.com\/\",\"name\":\"Las Ni\u00f1as\",\"description\":\"Comidas caseras para llevar\",\"publisher\":{\"@id\":\"https:\/\/comidacaserayecikaygloria.com\/#organization\"},\"alternateName\":\"Comidas caseras Las Ni\u00f1as\",\"potentialAction\":[{\"@type\":\"SearchAction\",\"target\":{\"@type\":\"EntryPoint\",\"urlTemplate\":\"https:\/\/comidacaserayecikaygloria.com\/?s={search_term_string}\"},\"query-input\":{\"@type\":\"PropertyValueSpecification\",\"valueRequired\":true,\"valueName\":\"search_term_string\"}}],\"inLanguage\":\"en-GB\"},{\"@type\":\"Organization\",\"@id\":\"https:\/\/comidacaserayecikaygloria.com\/#organization\",\"name\":\"Las Ni\u00f1as\",\"url\":\"https:\/\/comidacaserayecikaygloria.com\/\",\"logo\":{\"@type\":\"ImageObject\",\"inLanguage\":\"en-GB\",\"@id\":\"https:\/\/comidacaserayecikaygloria.com\/#\/schema\/logo\/image\/\",\"url\":\"https:\/\/comidacaserayecikaygloria.com\/wp-content\/uploads\/cropped-logo-las-ninas.jpg\",\"contentUrl\":\"https:\/\/comidacaserayecikaygloria.com\/wp-content\/uploads\/cropped-logo-las-ninas.jpg\",\"width\":517,\"height\":147,\"caption\":\"Las Ni\u00f1as\"},\"image\":{\"@id\":\"https:\/\/comidacaserayecikaygloria.com\/#\/schema\/logo\/image\/\"}}]}<\/script>\n<!-- \/ Yoast SEO plugin. -->","yoast_head_json":{"title":"Quienes somos - Las ni\u00f1as","description":"Comida casera que te hace sentir en casa. Momentos familiares y ocasiones especiales con Las Ni\u00f1as","robots":{"index":"index","follow":"follow","max-snippet":"max-snippet:-1","max-image-preview":"max-image-preview:large","max-video-preview":"max-video-preview:-1"},"canonical":"https:\/\/comidacaserayecikaygloria.com\/en\/quienes-somos\/","og_locale":"en_GB","og_type":"article","og_title":"Quienes somos - Las ni\u00f1as","og_description":"Comida casera que te hace sentir en casa. Momentos familiares y ocasiones especiales con Las Ni\u00f1as","og_url":"https:\/\/comidacaserayecikaygloria.com\/en\/quienes-somos\/","og_site_name":"Las ni\u00f1as","article_modified_time":"2025-01-09T08:16:00+00:00","og_image":[{"width":512,"height":512,"url":"https:\/\/comidacaserayecikaygloria.com\/wp-content\/uploads\/favicon-las-ninas.jpg","type":"image\/jpeg"}],"twitter_card":"summary_large_image","twitter_misc":{"Estimated reading time":"1 minute"},"schema":{"@context":"https:\/\/schema.org","@graph":[{"@type":"WebPage","@id":"https:\/\/comidacaserayecikaygloria.com\/quienes-somos\/","url":"https:\/\/comidacaserayecikaygloria.com\/quienes-somos\/","name":"Quienes somos - Las ni\u00f1as","isPartOf":{"@id":"https:\/\/comidacaserayecikaygloria.com\/#website"},"primaryImageOfPage":{"@id":"https:\/\/comidacaserayecikaygloria.com\/quienes-somos\/#primaryimage"},"image":{"@id":"https:\/\/comidacaserayecikaygloria.com\/quienes-somos\/#primaryimage"},"thumbnailUrl":"https:\/\/comidacaserayecikaygloria.com\/wp-content\/uploads\/favicon-las-ninas.jpg","datePublished":"2022-10-10T11:18:11+00:00","dateModified":"2025-01-09T08:16:00+00:00","description":"Comida casera que te hace sentir en casa. Momentos familiares y ocasiones especiales con Las Ni\u00f1as","breadcrumb":{"@id":"https:\/\/comidacaserayecikaygloria.com\/quienes-somos\/#breadcrumb"},"inLanguage":"en-GB","potentialAction":[{"@type":"ReadAction","target":["https:\/\/comidacaserayecikaygloria.com\/quienes-somos\/"]}]},{"@type":"ImageObject","inLanguage":"en-GB","@id":"https:\/\/comidacaserayecikaygloria.com\/quienes-somos\/#primaryimage","url":"https:\/\/comidacaserayecikaygloria.com\/wp-content\/uploads\/favicon-las-ninas.jpg","contentUrl":"https:\/\/comidacaserayecikaygloria.com\/wp-content\/uploads\/favicon-las-ninas.jpg","width":512,"height":512},{"@type":"BreadcrumbList","@id":"https:\/\/comidacaserayecikaygloria.com\/quienes-somos\/#breadcrumb","itemListElement":[{"@type":"ListItem","position":1,"name":"Portada","item":"https:\/\/comidacaserayecikaygloria.com\/"},{"@type":"ListItem","position":2,"name":"Quienes somos"}]},{"@type":"WebSite","@id":"https:\/\/comidacaserayecikaygloria.com\/#website","url":"https:\/\/comidacaserayecikaygloria.com\/","name":"Las Ni\u00f1as","description":"Comidas caseras para llevar","publisher":{"@id":"https:\/\/comidacaserayecikaygloria.com\/#organization"},"alternateName":"Comidas caseras Las Ni\u00f1as","potentialAction":[{"@type":"SearchAction","target":{"@type":"EntryPoint","urlTemplate":"https:\/\/comidacaserayecikaygloria.com\/?s={search_term_string}"},"query-input":{"@type":"PropertyValueSpecification","valueRequired":true,"valueName":"search_term_string"}}],"inLanguage":"en-GB"},{"@type":"Organization","@id":"https:\/\/comidacaserayecikaygloria.com\/#organization","name":"Las Ni\u00f1as","url":"https:\/\/comidacaserayecikaygloria.com\/","logo":{"@type":"ImageObject","inLanguage":"en-GB","@id":"https:\/\/comidacaserayecikaygloria.com\/#\/schema\/logo\/image\/","url":"https:\/\/comidacaserayecikaygloria.com\/wp-content\/uploads\/cropped-logo-las-ninas.jpg","contentUrl":"https:\/\/comidacaserayecikaygloria.com\/wp-content\/uploads\/cropped-logo-las-ninas.jpg","width":517,"height":147,"caption":"Las Ni\u00f1as"},"image":{"@id":"https:\/\/comidacaserayecikaygloria.com\/#\/schema\/logo\/image\/"}}]}},"_links":{"self":[{"href":"https:\/\/comidacaserayecikaygloria.com\/en\/wp-json\/wp\/v2\/pages\/21"}],"collection":[{"href":"https:\/\/comidacaserayecikaygloria.com\/en\/wp-json\/wp\/v2\/pages"}],"about":[{"href":"https:\/\/comidacaserayecikaygloria.com\/en\/wp-json\/wp\/v2\/types\/page"}],"author":[{"embeddable":true,"href":"https:\/\/comidacaserayecikaygloria.com\/en\/wp-json\/wp\/v2\/users\/1"}],"replies":[{"embeddable":true,"href":"https:\/\/comidacaserayecikaygloria.com\/en\/wp-json\/wp\/v2\/comments?post=21"}],"version-history":[{"count":4,"href":"https:\/\/comidacaserayecikaygloria.com\/en\/wp-json\/wp\/v2\/pages\/21\/revisions"}],"predecessor-version":[{"id":1426,"href":"https:\/\/comidacaserayecikaygloria.com\/en\/wp-json\/wp\/v2\/pages\/21\/revisions\/1426"}],"wp:featuredmedia":[{"embeddable":true,"href":"https:\/\/comidacaserayecikaygloria.com\/en\/wp-json\/wp\/v2\/media\/64"}],"wp:attachment":[{"href":"https:\/\/comidacaserayecikaygloria.com\/en\/wp-json\/wp\/v2\/media?parent=21"}],"curies":[{"name":"wp","href":"https:\/\/api.w.org\/{rel}","templated":true}]}}