{"id":23,"date":"2022-10-10T13:18:29","date_gmt":"2022-10-10T11:18:29","guid":{"rendered":"https:\/\/xn--comidacaseralasnias-c4b.com\/?page_id=23"},"modified":"2025-01-09T09:24:44","modified_gmt":"2025-01-09T08:24:44","slug":"contacto","status":"publish","type":"page","link":"https:\/\/comidacaserayecikaygloria.com\/en\/contacto\/","title":{"rendered":"Contacto"},"content":{"rendered":"<div data-elementor-type=\"wp-page\" data-elementor-id=\"23\" class=\"elementor elementor-23\" data-elementor-post-type=\"page\">\n\t\t\t\t\t\t<section class=\"elementor-section elementor-top-section elementor-element elementor-element-330bb823 elementor-section-height-min-height elementor-section-content-middle elementor-section-boxed elementor-section-height-default elementor-section-items-middle\" data-id=\"330bb823\" data-element_type=\"section\" data-settings=\"{&quot;background_background&quot;:&quot;classic&quot;}\">\n\t\t\t\t\t\t\t<div class=\"elementor-background-overlay\"><\/div>\n\t\t\t\t\t\t\t<div class=\"elementor-container elementor-column-gap-no\">\n\t\t\t\t\t<div class=\"elementor-column elementor-col-100 elementor-top-column elementor-element elementor-element-52ec9bee elementor-invisible\" data-id=\"52ec9bee\" data-element_type=\"column\" data-settings=\"{&quot;animation&quot;:&quot;fadeInUp&quot;}\">\n\t\t\t<div class=\"elementor-widget-wrap elementor-element-populated\">\n\t\t\t\t\t\t<div class=\"elementor-element elementor-element-48a0cd37 elementor-icon-list--layout-inline elementor-mobile-align-center elementor-list-item-link-full_width elementor-widget elementor-widget-icon-list\" data-id=\"48a0cd37\" data-element_type=\"widget\" data-widget_type=\"icon-list.default\">\n\t\t\t\t<div class=\"elementor-widget-container\">\n\t\t\t\t\t<ul class=\"elementor-icon-list-items elementor-inline-items\">\n\t\t\t\t\t\t\t<li class=\"elementor-icon-list-item elementor-inline-item\">\n\t\t\t\t\t\t\t\t\t\t\t<a href=\"https:\/\/xn--comidacaseralasnias-c4b.com\/\">\n\n\t\t\t\t\t\t\t\t\t\t\t<span class=\"elementor-icon-list-text\">Inicio<\/span>\n\t\t\t\t\t\t\t\t\t\t\t<\/a>\n\t\t\t\t\t\t\t\t\t<\/li>\n\t\t\t\t\t\t\t\t<li class=\"elementor-icon-list-item elementor-inline-item\">\n\t\t\t\t\t\t\t\t\t\t\t<a href=\"#\">\n\n\t\t\t\t\t\t\t\t\t\t\t\t<span class=\"elementor-icon-list-icon\">\n\t\t\t\t\t\t\t<i aria-hidden=\"true\" class=\"fas fa-angle-right\"><\/i>\t\t\t\t\t\t<\/span>\n\t\t\t\t\t\t\t\t\t\t<span class=\"elementor-icon-list-text\"><\/span>\n\t\t\t\t\t\t\t\t\t\t\t<\/a>\n\t\t\t\t\t\t\t\t\t<\/li>\n\t\t\t\t\t\t<\/ul>\n\t\t\t\t<\/div>\n\t\t\t\t<\/div>\n\t\t\t\t\t<\/div>\n\t\t<\/div>\n\t\t\t\t\t<\/div>\n\t\t<\/section>\n\t\t\t\t<section class=\"elementor-section elementor-top-section elementor-element elementor-element-20383263 elementor-section-content-bottom elementor-section-boxed elementor-section-height-default elementor-section-height-default elementor-invisible\" data-id=\"20383263\" data-element_type=\"section\" data-settings=\"{&quot;animation&quot;:&quot;fadeInUp&quot;}\">\n\t\t\t\t\t\t<div class=\"elementor-container elementor-column-gap-no\">\n\t\t\t\t\t<div class=\"elementor-column elementor-col-50 elementor-top-column elementor-element elementor-element-7d555129\" data-id=\"7d555129\" data-element_type=\"column\">\n\t\t\t<div class=\"elementor-widget-wrap elementor-element-populated\">\n\t\t\t\t\t\t<div class=\"elementor-element elementor-element-22b3caf3 elementor-widget__width-auto elementor-widget elementor-widget-heading\" data-id=\"22b3caf3\" data-element_type=\"widget\" data-widget_type=\"heading.default\">\n\t\t\t\t<div class=\"elementor-widget-container\">\n\t\t\t<span class=\"elementor-heading-title elementor-size-default\">las ni\u00f1as<\/span>\t\t<\/div>\n\t\t\t\t<\/div>\n\t\t\t\t<div class=\"elementor-element elementor-element-4f6b31e7 elementor-widget elementor-widget-heading\" data-id=\"4f6b31e7\" data-element_type=\"widget\" data-widget_type=\"heading.default\">\n\t\t\t\t<div class=\"elementor-widget-container\">\n\t\t\t<h2 class=\"elementor-heading-title elementor-size-default\">Habla con nosotros<\/h2>\t\t<\/div>\n\t\t\t\t<\/div>\n\t\t\t\t<div class=\"elementor-element elementor-element-6a60f5de elementor-widget elementor-widget-heading\" data-id=\"6a60f5de\" data-element_type=\"widget\" data-widget_type=\"heading.default\">\n\t\t\t\t<div class=\"elementor-widget-container\">\n\t\t\t<div class=\"elementor-heading-title elementor-size-default\">ABIERTO DE MARTES A DOMINGO<\/div>\t\t<\/div>\n\t\t\t\t<\/div>\n\t\t\t\t<div class=\"elementor-element elementor-element-140c66a3 elementor-widget elementor-widget-heading\" data-id=\"140c66a3\" data-element_type=\"widget\" data-widget_type=\"heading.default\">\n\t\t\t\t<div class=\"elementor-widget-container\">\n\t\t\t<p class=\"elementor-heading-title elementor-size-default\">de 12:00 a 15:30<br>\nLos Viernes, S\u00e1bados y Domingos tambi\u00e9n de  20:00 a 23:00.<br><\/p>\t\t<\/div>\n\t\t\t\t<\/div>\n\t\t\t\t<div class=\"elementor-element elementor-element-22e0265d elementor-widget elementor-widget-heading\" data-id=\"22e0265d\" data-element_type=\"widget\" data-widget_type=\"heading.default\">\n\t\t\t\t<div class=\"elementor-widget-container\">\n\t\t\t<div class=\"elementor-heading-title elementor-size-default\">DIRECCI\u00d3N<\/div>\t\t<\/div>\n\t\t\t\t<\/div>\n\t\t\t\t<div class=\"elementor-element elementor-element-3863f43c elementor-widget elementor-widget-heading\" data-id=\"3863f43c\" data-element_type=\"widget\" data-widget_type=\"heading.default\">\n\t\t\t\t<div class=\"elementor-widget-container\">\n\t\t\t<p class=\"elementor-heading-title elementor-size-default\">C\/ Progreso, 38, Local 3 - \n18110 Las Gabias - \nGranada<\/p>\t\t<\/div>\n\t\t\t\t<\/div>\n\t\t\t\t<div class=\"elementor-element elementor-element-78c3b96a elementor-widget elementor-widget-heading\" data-id=\"78c3b96a\" data-element_type=\"widget\" data-widget_type=\"heading.default\">\n\t\t\t\t<div class=\"elementor-widget-container\">\n\t\t\t<p class=\"elementor-heading-title elementor-size-default\">958 168 285<\/p>\t\t<\/div>\n\t\t\t\t<\/div>\n\t\t\t\t<div class=\"elementor-element elementor-element-17af402a elementor-widget elementor-widget-heading\" data-id=\"17af402a\" data-element_type=\"widget\" data-widget_type=\"heading.default\">\n\t\t\t\t<div class=\"elementor-widget-container\">\n\t\t\t<p class=\"elementor-heading-title elementor-size-default\">comidacaseralasninas@gmail.com<\/p>\t\t<\/div>\n\t\t\t\t<\/div>\n\t\t\t\t<div class=\"elementor-element elementor-element-5c058efc elementor-widget elementor-widget-heading\" data-id=\"5c058efc\" data-element_type=\"widget\" data-widget_type=\"heading.default\">\n\t\t\t\t<div class=\"elementor-widget-container\">\n\t\t\t<div class=\"elementor-heading-title elementor-size-default\">Siguenos<\/div>\t\t<\/div>\n\t\t\t\t<\/div>\n\t\t\t\t<div class=\"elementor-element elementor-element-6241b2e9 elementor-shape-circle e-grid-align-left elementor-grid-0 elementor-widget elementor-widget-social-icons\" data-id=\"6241b2e9\" data-element_type=\"widget\" data-widget_type=\"social-icons.default\">\n\t\t\t\t<div class=\"elementor-widget-container\">\n\t\t\t\t\t<div class=\"elementor-social-icons-wrapper elementor-grid\">\n\t\t\t\t\t\t\t<span class=\"elementor-grid-item\">\n\t\t\t\t\t<a class=\"elementor-icon elementor-social-icon elementor-social-icon-facebook-f elementor-repeater-item-18d336a\" href=\"https:\/\/www.facebook.com\/p\/Comida-casera-las-ni%C3%B1as-100063466843170\/\" target=\"_blank\">\n\t\t\t\t\t\t<span class=\"elementor-screen-only\">Facebook-f<\/span>\n\t\t\t\t\t\t<i class=\"fab fa-facebook-f\"><\/i>\t\t\t\t\t<\/a>\n\t\t\t\t<\/span>\n\t\t\t\t\t<\/div>\n\t\t\t\t<\/div>\n\t\t\t\t<\/div>\n\t\t\t\t\t<\/div>\n\t\t<\/div>\n\t\t\t\t<div class=\"elementor-column elementor-col-50 elementor-top-column elementor-element elementor-element-1f402f9c\" data-id=\"1f402f9c\" data-element_type=\"column\">\n\t\t\t<div class=\"elementor-widget-wrap elementor-element-populated\">\n\t\t\t\t\t\t<div class=\"elementor-element elementor-element-2ad486ad elementor-widget elementor-widget-heading\" data-id=\"2ad486ad\" data-element_type=\"widget\" data-widget_type=\"heading.default\">\n\t\t\t\t<div class=\"elementor-widget-container\">\n\t\t\t<h5 class=\"elementor-heading-title elementor-size-default\">Enviar un mensaje<\/h5>\t\t<\/div>\n\t\t\t\t<\/div>\n\t\t\t\t<div class=\"elementor-element elementor-element-582b2f8d elementor-button-align-start elementor-widget elementor-widget-form\" data-id=\"582b2f8d\" data-element_type=\"widget\" data-settings=\"{&quot;step_next_label&quot;:&quot;Next&quot;,&quot;step_previous_label&quot;:&quot;Previous&quot;,&quot;button_width&quot;:&quot;100&quot;,&quot;step_type&quot;:&quot;number_text&quot;,&quot;step_icon_shape&quot;:&quot;circle&quot;}\" data-widget_type=\"form.default\">\n\t\t\t\t<div class=\"elementor-widget-container\">\n\t\t\t\t\t<form class=\"elementor-form\" method=\"post\" name=\"New Form\" action=\"\">\n\t\t\t<input type=\"hidden\" name=\"post_id\" value=\"23\"\/>\n\t\t\t<input type=\"hidden\" name=\"form_id\" value=\"582b2f8d\"\/>\n\t\t\t<input type=\"hidden\" name=\"referer_title\" value=\"Las ni\u00f1as\" \/>\n\n\t\t\t\n\t\t\t<div class=\"elementor-form-fields-wrapper elementor-labels-\">\n\t\t\t\t\t\t\t\t<div class=\"elementor-field-type-text elementor-field-group elementor-column elementor-field-group-name elementor-col-100 elementor-field-required\">\n\t\t\t\t\t\t\t\t\t\t\t\t<label for=\"form-field-name\" class=\"elementor-field-label elementor-screen-only\">\n\t\t\t\t\t\t\t\tName\t\t\t\t\t\t\t<\/label>\n\t\t\t\t\t\t\t\t\t\t\t\t\t\t<input size=\"1\" type=\"text\" name=\"form_fields[name]\" id=\"form-field-name\" class=\"elementor-field elementor-size-sm  elementor-field-textual\" placeholder=\"Nombre\" required=\"required\" aria-required=\"true\">\n\t\t\t\t\t\t\t\t\t\t\t<\/div>\n\t\t\t\t\t\t\t\t<div class=\"elementor-field-type-email elementor-field-group elementor-column elementor-field-group-email elementor-col-100 elementor-field-required\">\n\t\t\t\t\t\t\t\t\t\t\t\t<label for=\"form-field-email\" class=\"elementor-field-label elementor-screen-only\">\n\t\t\t\t\t\t\t\tEmail\t\t\t\t\t\t\t<\/label>\n\t\t\t\t\t\t\t\t\t\t\t\t\t\t<input size=\"1\" type=\"email\" name=\"form_fields[email]\" id=\"form-field-email\" class=\"elementor-field elementor-size-sm  elementor-field-textual\" placeholder=\"Email\" required=\"required\" aria-required=\"true\">\n\t\t\t\t\t\t\t\t\t\t\t<\/div>\n\t\t\t\t\t\t\t\t<div class=\"elementor-field-type-textarea elementor-field-group elementor-column elementor-field-group-message elementor-col-100 elementor-field-required\">\n\t\t\t\t\t\t\t\t\t\t\t\t<label for=\"form-field-message\" class=\"elementor-field-label elementor-screen-only\">\n\t\t\t\t\t\t\t\tMessage\t\t\t\t\t\t\t<\/label>\n\t\t\t\t\t\t<textarea class=\"elementor-field-textual elementor-field  elementor-size-sm\" name=\"form_fields[message]\" id=\"form-field-message\" rows=\"4\" placeholder=\"Mensaje\" required=\"required\" aria-required=\"true\"><\/textarea>\t\t\t\t<\/div>\n\t\t\t\t\t\t\t\t<div class=\"elementor-field-type-acceptance elementor-field-group elementor-column elementor-field-group-field_4b3344b elementor-col-100 elementor-field-required\">\n\t\t\t\t\t\t\t<div class=\"elementor-field-subgroup\">\n\t\t\t<span class=\"elementor-field-option\">\n\t\t\t\t<input type=\"checkbox\" name=\"form_fields[field_4b3344b]\" id=\"form-field-field_4b3344b\" class=\"elementor-field elementor-size-sm  elementor-acceptance-field\" required=\"required\" aria-required=\"true\">\n\t\t\t\t<label for=\"form-field-field_4b3344b\">Acepto la <a href=\"https:\/\/comidacaserayecikaygloria.com\/en\/politica-privacidad\/\">pol\u00edtica de privacidad<\/a>\n<\/label>\t\t\t<\/span>\n\t\t<\/div>\n\t\t\t\t\t\t<\/div>\n\t\t\t\t\t\t\t\t<div class=\"elementor-field-group elementor-column elementor-field-type-submit elementor-col-100 e-form__buttons\">\n\t\t\t\t\t<button class=\"elementor-button elementor-size-sm\" type=\"submit\">\n\t\t\t\t\t\t<span class=\"elementor-button-content-wrapper\">\n\t\t\t\t\t\t\t\t\t\t\t\t\t\t\t\t\t\t\t\t\t\t<span class=\"elementor-button-text\">Enviar mensaje<\/span>\n\t\t\t\t\t\t\t\t\t\t\t\t\t<\/span>\n\t\t\t\t\t<\/button>\n\t\t\t\t<\/div>\n\t\t\t<\/div>\n\t\t<input type=\"hidden\" name=\"trp-form-language\" value=\"en\"\/><\/form>\n\t\t\t\t<\/div>\n\t\t\t\t<\/div>\n\t\t\t\t\t<\/div>\n\t\t<\/div>\n\t\t\t\t\t<\/div>\n\t\t<\/section>\n\t\t\t\t<section class=\"elementor-section elementor-top-section elementor-element elementor-element-5091dc7a elementor-section-full_width elementor-section-height-default elementor-section-height-default elementor-invisible\" data-id=\"5091dc7a\" data-element_type=\"section\" data-settings=\"{&quot;animation&quot;:&quot;fadeInUp&quot;}\">\n\t\t\t\t\t\t<div class=\"elementor-container elementor-column-gap-no\">\n\t\t\t\t\t<div class=\"elementor-column elementor-col-100 elementor-top-column elementor-element elementor-element-3904e90\" data-id=\"3904e90\" data-element_type=\"column\">\n\t\t\t<div class=\"elementor-widget-wrap elementor-element-populated\">\n\t\t\t\t\t\t<div class=\"elementor-element elementor-element-59b31c24 elementor-widget elementor-widget-google_maps\" data-id=\"59b31c24\" data-element_type=\"widget\" data-widget_type=\"google_maps.default\">\n\t\t\t\t<div class=\"elementor-widget-container\">\n\t\t\t\t\t<div class=\"elementor-custom-embed\">\n\t\t\t<iframe loading=\"lazy\"\n\t\t\t\t\tsrc=\"https:\/\/maps.google.com\/maps?q=Las%20ni%C3%B1as%20las%20gabias&#038;t=m&#038;z=15&#038;output=embed&#038;iwloc=near\"\n\t\t\t\t\ttitle=\"Las ni\u00f1as las gabias\"\n\t\t\t\t\taria-label=\"Las ni\u00f1as las gabias\"\n\t\t\t><\/iframe>\n\t\t<\/div>\n\t\t\t\t<\/div>\n\t\t\t\t<\/div>\n\t\t\t\t\t<\/div>\n\t\t<\/div>\n\t\t\t\t\t<\/div>\n\t\t<\/section>\n\t\t\t\t<\/div>","protected":false},"excerpt":{"rendered":"<p>Inicio las ni\u00f1as Habla con nosotros ABIERTO DE MARTES A DOMINGO de 12:00 a 15:30 Los Viernes, S\u00e1bados y Domingos tambi\u00e9n de 20:00 a 23:00. DIRECCI\u00d3N C\/ Progreso, 38, Local 3 &#8211; 18110 Las Gabias &#8211; Granada 958 168 285 comidacaseralasninas@gmail.com Siguenos Facebook-f Enviar un mensaje<\/p>","protected":false},"author":1,"featured_media":64,"parent":0,"menu_order":3,"comment_status":"closed","ping_status":"closed","template":"elementor_header_footer","meta":{"_monsterinsights_skip_tracking":false,"_monsterinsights_sitenote_active":false,"_monsterinsights_sitenote_note":"","_monsterinsights_sitenote_category":0,"footnotes":""},"class_list":["post-23","page","type-page","status-publish","has-post-thumbnail","hentry"],"yoast_head":"<!-- This site is optimized with the Yoast SEO plugin v23.4 - https:\/\/yoast.com\/wordpress\/plugins\/seo\/ -->\n<title>Contacto - Las ni\u00f1as<\/title>\n<meta name=\"description\" content=\"Cont\u00e1ctanos si tienes alguna duda sobre como desarrollamos nuestro negocio de comidas caseras para llevar.\" \/>\n<meta name=\"robots\" content=\"index, follow, max-snippet:-1, max-image-preview:large, max-video-preview:-1\" \/>\n<link rel=\"canonical\" href=\"https:\/\/comidacaserayecikaygloria.com\/en\/contacto\/\" \/>\n<meta property=\"og:locale\" content=\"en_GB\" \/>\n<meta property=\"og:type\" content=\"article\" \/>\n<meta property=\"og:title\" content=\"Contacto - Las ni\u00f1as\" \/>\n<meta property=\"og:description\" content=\"Cont\u00e1ctanos si tienes alguna duda sobre como desarrollamos nuestro negocio de comidas caseras para llevar.\" \/>\n<meta property=\"og:url\" content=\"https:\/\/comidacaserayecikaygloria.com\/en\/contacto\/\" \/>\n<meta property=\"og:site_name\" content=\"Las ni\u00f1as\" \/>\n<meta property=\"article:modified_time\" content=\"2025-01-09T08:24:44+00:00\" \/>\n<meta property=\"og:image\" content=\"https:\/\/comidacaserayecikaygloria.com\/wp-content\/uploads\/favicon-las-ninas.jpg\" \/>\n\t<meta property=\"og:image:width\" content=\"512\" \/>\n\t<meta property=\"og:image:height\" content=\"512\" \/>\n\t<meta property=\"og:image:type\" content=\"image\/jpeg\" \/>\n<meta name=\"twitter:card\" content=\"summary_large_image\" \/>\n<meta name=\"twitter:label1\" content=\"Estimated reading time\" \/>\n\t<meta name=\"twitter:data1\" content=\"1 minute\" \/>\n<script type=\"application\/ld+json\" class=\"yoast-schema-graph\">{\"@context\":\"https:\/\/schema.org\",\"@graph\":[{\"@type\":\"WebPage\",\"@id\":\"https:\/\/comidacaserayecikaygloria.com\/contacto\/\",\"url\":\"https:\/\/comidacaserayecikaygloria.com\/contacto\/\",\"name\":\"Contacto - Las ni\u00f1as\",\"isPartOf\":{\"@id\":\"https:\/\/comidacaserayecikaygloria.com\/#website\"},\"primaryImageOfPage\":{\"@id\":\"https:\/\/comidacaserayecikaygloria.com\/contacto\/#primaryimage\"},\"image\":{\"@id\":\"https:\/\/comidacaserayecikaygloria.com\/contacto\/#primaryimage\"},\"thumbnailUrl\":\"https:\/\/comidacaserayecikaygloria.com\/wp-content\/uploads\/favicon-las-ninas.jpg\",\"datePublished\":\"2022-10-10T11:18:29+00:00\",\"dateModified\":\"2025-01-09T08:24:44+00:00\",\"description\":\"Cont\u00e1ctanos si tienes alguna duda sobre como desarrollamos nuestro negocio de comidas caseras para llevar.\",\"breadcrumb\":{\"@id\":\"https:\/\/comidacaserayecikaygloria.com\/contacto\/#breadcrumb\"},\"inLanguage\":\"en-GB\",\"potentialAction\":[{\"@type\":\"ReadAction\",\"target\":[\"https:\/\/comidacaserayecikaygloria.com\/contacto\/\"]}]},{\"@type\":\"ImageObject\",\"inLanguage\":\"en-GB\",\"@id\":\"https:\/\/comidacaserayecikaygloria.com\/contacto\/#primaryimage\",\"url\":\"https:\/\/comidacaserayecikaygloria.com\/wp-content\/uploads\/favicon-las-ninas.jpg\",\"contentUrl\":\"https:\/\/comidacaserayecikaygloria.com\/wp-content\/uploads\/favicon-las-ninas.jpg\",\"width\":512,\"height\":512},{\"@type\":\"BreadcrumbList\",\"@id\":\"https:\/\/comidacaserayecikaygloria.com\/contacto\/#breadcrumb\",\"itemListElement\":[{\"@type\":\"ListItem\",\"position\":1,\"name\":\"Portada\",\"item\":\"https:\/\/comidacaserayecikaygloria.com\/\"},{\"@type\":\"ListItem\",\"position\":2,\"name\":\"Contacto\"}]},{\"@type\":\"WebSite\",\"@id\":\"https:\/\/comidacaserayecikaygloria.com\/#website\",\"url\":\"https:\/\/comidacaserayecikaygloria.com\/\",\"name\":\"Las Ni\u00f1as\",\"description\":\"Comidas caseras para llevar\",\"publisher\":{\"@id\":\"https:\/\/comidacaserayecikaygloria.com\/#organization\"},\"alternateName\":\"Comidas caseras Las Ni\u00f1as\",\"potentialAction\":[{\"@type\":\"SearchAction\",\"target\":{\"@type\":\"EntryPoint\",\"urlTemplate\":\"https:\/\/comidacaserayecikaygloria.com\/?s={search_term_string}\"},\"query-input\":{\"@type\":\"PropertyValueSpecification\",\"valueRequired\":true,\"valueName\":\"search_term_string\"}}],\"inLanguage\":\"en-GB\"},{\"@type\":\"Organization\",\"@id\":\"https:\/\/comidacaserayecikaygloria.com\/#organization\",\"name\":\"Las Ni\u00f1as\",\"url\":\"https:\/\/comidacaserayecikaygloria.com\/\",\"logo\":{\"@type\":\"ImageObject\",\"inLanguage\":\"en-GB\",\"@id\":\"https:\/\/comidacaserayecikaygloria.com\/#\/schema\/logo\/image\/\",\"url\":\"https:\/\/comidacaserayecikaygloria.com\/wp-content\/uploads\/cropped-logo-las-ninas.jpg\",\"contentUrl\":\"https:\/\/comidacaserayecikaygloria.com\/wp-content\/uploads\/cropped-logo-las-ninas.jpg\",\"width\":517,\"height\":147,\"caption\":\"Las Ni\u00f1as\"},\"image\":{\"@id\":\"https:\/\/comidacaserayecikaygloria.com\/#\/schema\/logo\/image\/\"}}]}<\/script>\n<!-- \/ Yoast SEO plugin. -->","yoast_head_json":{"title":"Contacto - Las ni\u00f1as","description":"Cont\u00e1ctanos si tienes alguna duda sobre como desarrollamos nuestro negocio de comidas caseras para llevar.","robots":{"index":"index","follow":"follow","max-snippet":"max-snippet:-1","max-image-preview":"max-image-preview:large","max-video-preview":"max-video-preview:-1"},"canonical":"https:\/\/comidacaserayecikaygloria.com\/en\/contacto\/","og_locale":"en_GB","og_type":"article","og_title":"Contacto - Las ni\u00f1as","og_description":"Cont\u00e1ctanos si tienes alguna duda sobre como desarrollamos nuestro negocio de comidas caseras para llevar.","og_url":"https:\/\/comidacaserayecikaygloria.com\/en\/contacto\/","og_site_name":"Las ni\u00f1as","article_modified_time":"2025-01-09T08:24:44+00:00","og_image":[{"width":512,"height":512,"url":"https:\/\/comidacaserayecikaygloria.com\/wp-content\/uploads\/favicon-las-ninas.jpg","type":"image\/jpeg"}],"twitter_card":"summary_large_image","twitter_misc":{"Estimated reading time":"1 minute"},"schema":{"@context":"https:\/\/schema.org","@graph":[{"@type":"WebPage","@id":"https:\/\/comidacaserayecikaygloria.com\/contacto\/","url":"https:\/\/comidacaserayecikaygloria.com\/contacto\/","name":"Contacto - Las ni\u00f1as","isPartOf":{"@id":"https:\/\/comidacaserayecikaygloria.com\/#website"},"primaryImageOfPage":{"@id":"https:\/\/comidacaserayecikaygloria.com\/contacto\/#primaryimage"},"image":{"@id":"https:\/\/comidacaserayecikaygloria.com\/contacto\/#primaryimage"},"thumbnailUrl":"https:\/\/comidacaserayecikaygloria.com\/wp-content\/uploads\/favicon-las-ninas.jpg","datePublished":"2022-10-10T11:18:29+00:00","dateModified":"2025-01-09T08:24:44+00:00","description":"Cont\u00e1ctanos si tienes alguna duda sobre como desarrollamos nuestro negocio de comidas caseras para llevar.","breadcrumb":{"@id":"https:\/\/comidacaserayecikaygloria.com\/contacto\/#breadcrumb"},"inLanguage":"en-GB","potentialAction":[{"@type":"ReadAction","target":["https:\/\/comidacaserayecikaygloria.com\/contacto\/"]}]},{"@type":"ImageObject","inLanguage":"en-GB","@id":"https:\/\/comidacaserayecikaygloria.com\/contacto\/#primaryimage","url":"https:\/\/comidacaserayecikaygloria.com\/wp-content\/uploads\/favicon-las-ninas.jpg","contentUrl":"https:\/\/comidacaserayecikaygloria.com\/wp-content\/uploads\/favicon-las-ninas.jpg","width":512,"height":512},{"@type":"BreadcrumbList","@id":"https:\/\/comidacaserayecikaygloria.com\/contacto\/#breadcrumb","itemListElement":[{"@type":"ListItem","position":1,"name":"Portada","item":"https:\/\/comidacaserayecikaygloria.com\/"},{"@type":"ListItem","position":2,"name":"Contacto"}]},{"@type":"WebSite","@id":"https:\/\/comidacaserayecikaygloria.com\/#website","url":"https:\/\/comidacaserayecikaygloria.com\/","name":"Las Ni\u00f1as","description":"Comidas caseras para llevar","publisher":{"@id":"https:\/\/comidacaserayecikaygloria.com\/#organization"},"alternateName":"Comidas caseras Las Ni\u00f1as","potentialAction":[{"@type":"SearchAction","target":{"@type":"EntryPoint","urlTemplate":"https:\/\/comidacaserayecikaygloria.com\/?s={search_term_string}"},"query-input":{"@type":"PropertyValueSpecification","valueRequired":true,"valueName":"search_term_string"}}],"inLanguage":"en-GB"},{"@type":"Organization","@id":"https:\/\/comidacaserayecikaygloria.com\/#organization","name":"Las Ni\u00f1as","url":"https:\/\/comidacaserayecikaygloria.com\/","logo":{"@type":"ImageObject","inLanguage":"en-GB","@id":"https:\/\/comidacaserayecikaygloria.com\/#\/schema\/logo\/image\/","url":"https:\/\/comidacaserayecikaygloria.com\/wp-content\/uploads\/cropped-logo-las-ninas.jpg","contentUrl":"https:\/\/comidacaserayecikaygloria.com\/wp-content\/uploads\/cropped-logo-las-ninas.jpg","width":517,"height":147,"caption":"Las Ni\u00f1as"},"image":{"@id":"https:\/\/comidacaserayecikaygloria.com\/#\/schema\/logo\/image\/"}}]}},"_links":{"self":[{"href":"https:\/\/comidacaserayecikaygloria.com\/en\/wp-json\/wp\/v2\/pages\/23"}],"collection":[{"href":"https:\/\/comidacaserayecikaygloria.com\/en\/wp-json\/wp\/v2\/pages"}],"about":[{"href":"https:\/\/comidacaserayecikaygloria.com\/en\/wp-json\/wp\/v2\/types\/page"}],"author":[{"embeddable":true,"href":"https:\/\/comidacaserayecikaygloria.com\/en\/wp-json\/wp\/v2\/users\/1"}],"replies":[{"embeddable":true,"href":"https:\/\/comidacaserayecikaygloria.com\/en\/wp-json\/wp\/v2\/comments?post=23"}],"version-history":[{"count":34,"href":"https:\/\/comidacaserayecikaygloria.com\/en\/wp-json\/wp\/v2\/pages\/23\/revisions"}],"predecessor-version":[{"id":1437,"href":"https:\/\/comidacaserayecikaygloria.com\/en\/wp-json\/wp\/v2\/pages\/23\/revisions\/1437"}],"wp:featuredmedia":[{"embeddable":true,"href":"https:\/\/comidacaserayecikaygloria.com\/en\/wp-json\/wp\/v2\/media\/64"}],"wp:attachment":[{"href":"https:\/\/comidacaserayecikaygloria.com\/en\/wp-json\/wp\/v2\/media?parent=23"}],"curies":[{"name":"wp","href":"https:\/\/api.w.org\/{rel}","templated":true}]}}