{"id":26,"date":"2022-10-10T13:20:20","date_gmt":"2022-10-10T11:20:20","guid":{"rendered":"https:\/\/xn--comidacaseralasnias-c4b.com\/?page_id=26"},"modified":"2023-06-28T20:33:13","modified_gmt":"2023-06-28T18:33:13","slug":"aviso-legal","status":"publish","type":"page","link":"https:\/\/comidacaserayecikaygloria.com\/en\/aviso-legal\/","title":{"rendered":"Aviso legal"},"content":{"rendered":"<div data-elementor-type=\"wp-page\" data-elementor-id=\"26\" class=\"elementor elementor-26\" data-elementor-post-type=\"page\">\n\t\t\t\t\t\t<section class=\"elementor-section elementor-top-section elementor-element elementor-element-58eb0228 elementor-section-height-min-height elementor-section-content-middle elementor-section-boxed elementor-section-height-default elementor-section-items-middle\" data-id=\"58eb0228\" data-element_type=\"section\" data-settings=\"{&quot;background_background&quot;:&quot;classic&quot;}\">\n\t\t\t\t\t\t\t<div class=\"elementor-background-overlay\"><\/div>\n\t\t\t\t\t\t\t<div class=\"elementor-container elementor-column-gap-no\">\n\t\t\t\t\t<div class=\"elementor-column elementor-col-100 elementor-top-column elementor-element elementor-element-3fe9ac45 elementor-invisible\" data-id=\"3fe9ac45\" data-element_type=\"column\" data-settings=\"{&quot;animation&quot;:&quot;fadeInUp&quot;}\">\n\t\t\t<div class=\"elementor-widget-wrap elementor-element-populated\">\n\t\t\t\t\t\t\t<\/div>\n\t\t<\/div>\n\t\t\t\t\t<\/div>\n\t\t<\/section>\n\t\t\t\t<section class=\"elementor-section elementor-top-section elementor-element elementor-element-8e6b384 elementor-section-boxed elementor-section-height-default elementor-section-height-default\" data-id=\"8e6b384\" data-element_type=\"section\">\n\t\t\t\t\t\t<div class=\"elementor-container elementor-column-gap-default\">\n\t\t\t\t\t<div class=\"elementor-column elementor-col-100 elementor-top-column elementor-element elementor-element-345f286\" data-id=\"345f286\" data-element_type=\"column\">\n\t\t\t<div class=\"elementor-widget-wrap elementor-element-populated\">\n\t\t\t\t\t\t<div class=\"elementor-element elementor-element-1ae9126 elementor-widget elementor-widget-text-editor\" data-id=\"1ae9126\" data-element_type=\"widget\" data-widget_type=\"text-editor.default\">\n\t\t\t\t<div class=\"elementor-widget-container\">\n\t\t\t\t\t\t\t<h4><b>Propietario:<\/b><\/h4><p><span style=\"font-weight: 400;\">El propietario de esta web y de sus contenidos y a quien puedes dirigirte es:<\/span><\/p><p><b>Nombre de la empresa<\/b><span style=\"font-weight: 400;\">: Yecika Leandra Lasso Palacios<\/span><\/p><p><b>Nombre comercial<\/b><span style=\"font-weight: 400;\">: Las Ni\u00f1as<\/span><\/p><p><b>NIF: 77966979S<\/b><\/p><p><b>Direcci\u00f3n<\/b><span style=\"font-weight: 400;\">: C\/ Progreso 38, Local 3, 18110 Las Gabias (Granada)<\/span><\/p><p><b>La actividad de esta web es: <\/b><span style=\"font-weight: 400;\">Comida para llevar<\/span><\/p><p><b>Correo electr\u00f3nico:<\/b><span style=\"font-weight: 400;\"> comidacaseralasninas@gmail.com<\/span><\/p><p><span style=\"font-weight: 400;\">\u00a0<\/span><\/p><h4><b>Condiciones de uso.<\/b><\/h4><p><span style=\"font-weight: 400;\">El acceso y\/o uso de este<\/span><b> portal de Las Ni\u00f1as <\/b><span style=\"font-weight: 400;\">atribuye la condici\u00f3n de<\/span><b> USUARIO, <\/b><span style=\"font-weight: 400;\">que acepta, desde dicho acceso y\/o uso, las Condiciones Generales de Uso aqu\u00ed reflejadas. Las citadas Condiciones ser\u00e1n de aplicaci\u00f3n independientemente de las Condiciones Generales de Compra que en su caso resulten de obligado cumplimiento.<\/span><\/p><p><span style=\"font-weight: 400;\">Para ello os comentamos cuales son las condiciones del acuerdo.<\/span><\/p><p><span style=\"font-weight: 400;\">\u00a0<\/span><\/p><h4><b>Finalidad de esta web:<\/b><\/h4><p><span style=\"font-weight: 400;\">La finalidad de esta web, es informar de los distintos servicios y productos de <\/span><b>Las Ni\u00f1as.<\/b><\/p><p><span style=\"font-weight: 400;\">Compromisos para ti como usuario, para nosotros como propietarios de uso de la web:<\/span><\/p><p><span style=\"font-weight: 400;\">https:\/\/comidacaserayecikaygloria.com\/\u00a0proporciona el acceso a multitud de informaciones, servicios, programas o datos (en adelante, \u201clos contenidos\u201d) en Internet pertenecientes a Las Ni\u00f1as a sus licenciantes a los que el USUARIO pueda tener acceso.<\/span><\/p><p><span style=\"font-weight: 400;\">El USUARIO asume la responsabilidad del uso del portal. Dicha responsabilidad se extiende al registro que fuese necesario para acceder a determinados servicios o contenidos.<\/span><\/p><p><span style=\"font-weight: 400;\">En dicho registro el USUARIO ser\u00e1 responsable de aportar informaci\u00f3n veraz y l\u00edcita. Como consecuencia de este registro, al USUARIO se le puede proporcionar una contrase\u00f1a de la que ser\u00e1 responsable, comprometi\u00e9ndose a hacer un uso diligente y confidencial de la misma.<\/span><\/p><p><span style=\"font-weight: 400;\">El USUARIO se compromete a hacer un uso adecuado de los contenidos y servicios (como por ejemplo servicios de chat o comentarios) que Las Ni\u00f1as ofrece a trav\u00e9s de su portal y con car\u00e1cter enunciativo pero no limitativo, a no emplearlos para:<\/span><\/p><ul><li style=\"font-weight: 400;\" aria-level=\"1\"><span style=\"font-weight: 400;\">Incurrir en actividades il\u00edcitas, ilegales o contrarias a la buena fe y al orden p\u00fablico.<\/span><\/li><li style=\"font-weight: 400;\" aria-level=\"1\"><span style=\"font-weight: 400;\">Difundir contenidos o propaganda de car\u00e1cter racista, xen\u00f3fobo, pornogr\u00e1fico-ilegal, de apolog\u00eda del terrorismo o atentatorio contra los derechos humanos;<\/span><\/li><li style=\"font-weight: 400;\" aria-level=\"1\"><span style=\"font-weight: 400;\">Provocar da\u00f1os en los sistemas f\u00edsicos y l\u00f3gicos de Nombre de la empresa creadora del sitio web , de sus proveedores o de terceras personas, introducir o difundir en la red virus inform\u00e1ticos o cualesquiera otros sistemas f\u00edsicos o l\u00f3gicos que sean susceptibles de provocar los da\u00f1os anteriormente mencionados<\/span><\/li><li style=\"font-weight: 400;\" aria-level=\"1\"><span style=\"font-weight: 400;\">Intentar acceder y, en su caso, utilizar las cuentas de correo electr\u00f3nico de otros usuarios y modificar o manipular sus mensajes.<\/span><\/li><\/ul><p><span style=\"font-weight: 400;\">Las Ni\u00f1as se reserva el derecho de retirar todos aquellos comentarios y aportaciones que vulneren el respeto a la dignidad de la persona, que sean discriminatorios, xen\u00f3fobos, racistas, pornogr\u00e1ficos, que atenten contra la juventud o la infancia, el orden o la seguridad p\u00fablica o que, a su juicio, no resultan adecuados para su publicaci\u00f3n.<\/span><\/p><p><span style=\"font-weight: 400;\">En cualquier caso, Las Ni\u00f1as <\/span><b>\u00a0<\/b><span style=\"font-weight: 400;\">no ser\u00e1 responsable de las opiniones vertidas por los usuarios a trav\u00e9s de los comentarios, chats, u otras herramientas de participaci\u00f3n.<\/span><\/p><p><span style=\"font-weight: 400;\">\u00a0<\/span><\/p><h4><b>Medidas de seguridad<\/b><\/h4><p><b>Las Ni\u00f1as <\/b><span style=\"font-weight: 400;\">pone a disposici\u00f3n del usuario las medidas t\u00e9cnicas en seguridad de la web, de sus usuarios y sus datos.<\/span><\/p><p><span style=\"font-weight: 400;\">Para ello <\/span><b>utiliza un canal de transmisi\u00f3n de datos seguro, como es el protocolo https<\/b><span style=\"font-weight: 400;\">, que consiste en la transmisi\u00f3n de datos cifrados. De esta forma garantizamos la seguridad de los datos y su confidencialidad.<\/span><\/p><p><span style=\"font-weight: 400;\">De igual forma estamos expuestos igual como cualquier otra web a ataques externos que pudieran vulnerar las medidas de seguridad. En ese caso el usuario ser\u00eda informado del ataque ya que adoptamos las medidas de seguridad que los detectan.<\/span><\/p><p><span style=\"font-weight: 400;\">Todo dato personal suministrado por el usuario son administrado en bases de datos propiedad de Las Ni\u00f1as. Para ello asumimos las medidas de seguridad antes mencionadas en confidencialidad, integridad y calidad de la informaci\u00f3n.<\/span><\/p><p><span style=\"font-weight: 400;\">\u00a0<\/span><\/p><h4><b>Propiedad intelectual e industrial<\/b><\/h4><p><b>Las Ni\u00f1as es titular de todos los derechos de esta publicaci\u00f3n digital as\u00ed como de los derechos de propiedad industrial e intelectual referidos a los contenidos que se incluyan<\/b><span style=\"font-weight: 400;\">, a excepci\u00f3n de los derechos sobre productos y servicios de car\u00e1cter p\u00fablico que no son propiedad de esta empresa.<\/span><\/p><p><b>Ning\u00fan material publicado en esta web podr\u00e1 ser reproducido, copiado o publicado<\/b><span style=\"font-weight: 400;\"> sin nuestro consentimiento por escrito, Las Ni\u00f1as.<\/span><\/p><p><b>Toda la informaci\u00f3n que se reciba en la web, como comentarios, sugerencias o ideas, se considerar\u00e1 cedida<\/b><span style=\"font-weight: 400;\"> a Las Ni\u00f1as<\/span> <span style=\"font-weight: 400;\">de manera gratuita. No debe enviarse informaci\u00f3n que NO pueda ser tratada de este modo.<\/span><\/p><p><span style=\"font-weight: 400;\">Las Ni\u00f1as a su vez declara que utiliza contenido original o con el consentimiento de sus autores. Si has visto contenido que pueda violar tus derechos de propiedad puedes ponerte en contacto con nosotros en:<\/span><\/p><p><span style=\"font-weight: 400;\">comidacaseralasninas@gmail.com<\/span><\/p><p><span style=\"font-weight: 400;\">Indic\u00e1ndonos tus datos personales y los derechos que presuntamente se han violado.<\/span><\/p><p><span style=\"font-weight: 400;\">\u00a0<\/span><\/p><h4><b>Enlaces externos.<\/b><\/h4><p><span style=\"font-weight: 400;\">Todos los enlaces externos hacia otras web que utilizamos en nuestro blog tienen como finalidad <\/span><b>ampliar la informaci\u00f3n del contenido que creamos y aporte m\u00e1s informaci\u00f3n al usuario.<\/b><\/p><p><span style=\"font-weight: 400;\">Estos son contenidos de terceros por tanto no nos responsabilizamos en ning\u00fan caso de los resultados que puedan derivarse al Usuario por acceso a dichos enlaces.<\/span><\/p><p><span style=\"font-weight: 400;\">Debido a ello siempre contrastamos y enlazamos a sitios de confianza que ofrecen garant\u00edas a los usuarios. Si detectas que alg\u00fan enlace en esta web no cumple con los par\u00e1metros, puedes ponerte en contacto con nosotros a trav\u00e9s del correo:<\/span><\/p><p><span style=\"font-weight: 400;\">comidacaseralasninas@gmail.com<\/span><\/p><p><span style=\"font-weight: 400;\">As\u00ed tambi\u00e9n otras webs de otros propietarios pueden enlazar a nuestro contenido. De ellos esperamos sea por el mismo motivo, ampliar conocimiento y el de los intereses a sus lectores.<\/span><\/p><p><span style=\"font-weight: 400;\">El <\/span><b>enlace entre esta web y otras web y a la inversa no implica relaci\u00f3n entre esta web y el propietario de la otra web ni la aceptaci\u00f3n o aprobaci\u00f3n de sus contenidos.<\/b><\/p><p><b>No ofrecemos enlaces de afiliados en nuestro contenido<\/b><span style=\"font-weight: 400;\">, en el caso de que en un futuro se hiciera, siempre ser\u00eda bajo la misma \u00f3ptica de ofrecer informaci\u00f3n de valor para nuestros usuarios.<\/span><\/p><h4><b>Exclusi\u00f3n de garant\u00edas y responsabilidad<\/b><\/h4><p><span style=\"font-weight: 400;\">Las Ni\u00f1as no se hace responsable, en ning\u00fan caso, de los da\u00f1os y perjuicios de cualquier naturaleza que pudieran ocasionar, a t\u00edtulo enunciativo: errores u omisiones en los contenidos, falta de disponibilidad del portal o la transmisi\u00f3n de virus o programas maliciosos o lesivos en los contenidos, a pesar de haber adoptado todas las medidas tecnol\u00f3gicas necesarias para evitarlo.<\/span><\/p><h4><b>Modificaciones<\/b><\/h4><p><span style=\"font-weight: 400;\">Las Ni\u00f1as se reserva el derecho de efectuar sin previo aviso las modificaciones que considere oportunas en su portal, pudiendo cambiar, suprimir o a\u00f1adir tanto los contenidos y servicios que se presten a trav\u00e9s de la misma como la forma en la que \u00e9stos aparezcan presentados o localizados en su portal.<\/span><\/p><h4><b>Derecho de exclusi\u00f3n<\/b><\/h4><p><span style=\"font-weight: 400;\">Las Ni\u00f1as creadora del sitio web se reserva el derecho a denegar o retirar el acceso a portal y\/o los servicios ofrecidos sin necesidad de pre-aviso, a instancia propia o de un tercero, a aquellos usuarios que incumplan las presentes Condiciones Generales de Uso.<\/span><\/p><h4><b>Generalidades<\/b><\/h4><p><span style=\"font-weight: 400;\">Las Ni\u00f1as perseguir\u00e1 el incumplimiento de las presentes condiciones as\u00ed como cualquier utilizaci\u00f3n indebida de su portal ejerciendo todas las acciones civiles y penales que le puedan corresponder en derecho.<\/span><\/p><h4><b>Modificaci\u00f3n de las presentes condiciones y duraci\u00f3n<\/b><\/h4><p><span style=\"font-weight: 400;\">Las Ni\u00f1as podr\u00e1 modificar en cualquier momento las condiciones aqu\u00ed determinadas, siendo debidamente publicadas como aqu\u00ed aparecen. La vigencia de las citadas condiciones ir\u00e1 en funci\u00f3n de su exposici\u00f3n y estar\u00e1n vigentes hasta que sean modificadas por otras debidamente publicadas.<\/span><\/p><h4><b>Ley aplicable y jurisdicci\u00f3n<\/b><\/h4><p><span style=\"font-weight: 400;\">Para cualquier controversia o cuesti\u00f3n que pudiera haber relacionada con esta web, las leyes aplicables son la de la legislaci\u00f3n y jurisdicci\u00f3n espa\u00f1olas.<\/span><\/p>\t\t\t\t\t\t<\/div>\n\t\t\t\t<\/div>\n\t\t\t\t\t<\/div>\n\t\t<\/div>\n\t\t\t\t\t<\/div>\n\t\t<\/section>\n\t\t\t\t<\/div>","protected":false},"excerpt":{"rendered":"<p>Propietario: El propietario de esta web y de sus contenidos y a quien puedes dirigirte es: Nombre de la empresa: Yecika Leandra Lasso Palacios Nombre comercial: Las Ni\u00f1as NIF: 77966979S Direcci\u00f3n: C\/ Progreso 38, Local 3, 18110 Las Gabias (Granada) La actividad de esta web es: Comida para llevar Correo electr\u00f3nico: comidacaseralasninas@gmail.com Condiciones de uso. [&hellip;]<\/p>","protected":false},"author":1,"featured_media":0,"parent":0,"menu_order":5,"comment_status":"closed","ping_status":"closed","template":"elementor_header_footer","meta":{"_monsterinsights_skip_tracking":false,"_monsterinsights_sitenote_active":false,"_monsterinsights_sitenote_note":"","_monsterinsights_sitenote_category":0,"footnotes":""},"class_list":["post-26","page","type-page","status-publish","hentry"],"yoast_head":"<!-- This site is optimized with the Yoast SEO plugin v23.4 - https:\/\/yoast.com\/wordpress\/plugins\/seo\/ -->\n<title>Aviso legal - Las ni\u00f1as<\/title>\n<meta name=\"robots\" content=\"noindex, follow\" \/>\n<meta property=\"og:locale\" content=\"en_GB\" \/>\n<meta property=\"og:type\" content=\"article\" \/>\n<meta property=\"og:title\" content=\"Aviso legal - Las ni\u00f1as\" \/>\n<meta property=\"og:description\" content=\"Propietario: El propietario de esta web y de sus contenidos y a quien puedes dirigirte es: Nombre de la empresa: Yecika Leandra Lasso Palacios Nombre comercial: Las Ni\u00f1as NIF: 77966979S Direcci\u00f3n: C\/ Progreso 38, Local 3, 18110 Las Gabias (Granada) La actividad de esta web es: Comida para llevar Correo electr\u00f3nico: comidacaseralasninas@gmail.com Condiciones de uso. [&hellip;]\" \/>\n<meta property=\"og:url\" content=\"https:\/\/comidacaserayecikaygloria.com\/en\/aviso-legal\/\" \/>\n<meta property=\"og:site_name\" content=\"Las ni\u00f1as\" \/>\n<meta property=\"article:modified_time\" content=\"2023-06-28T18:33:13+00:00\" \/>\n<meta property=\"og:image\" content=\"https:\/\/comidacaserayecikaygloria.com\/wp-content\/uploads\/logo-las-ninas.jpg\" \/>\n\t<meta property=\"og:image:width\" content=\"517\" \/>\n\t<meta property=\"og:image:height\" content=\"166\" \/>\n\t<meta property=\"og:image:type\" content=\"image\/jpeg\" \/>\n<meta name=\"twitter:card\" content=\"summary_large_image\" \/>\n<meta name=\"twitter:label1\" content=\"Estimated reading time\" \/>\n\t<meta name=\"twitter:data1\" content=\"6 minutes\" \/>\n<script type=\"application\/ld+json\" class=\"yoast-schema-graph\">{\"@context\":\"https:\/\/schema.org\",\"@graph\":[{\"@type\":\"WebPage\",\"@id\":\"https:\/\/comidacaserayecikaygloria.com\/aviso-legal\/\",\"url\":\"https:\/\/comidacaserayecikaygloria.com\/aviso-legal\/\",\"name\":\"Aviso legal - Las ni\u00f1as\",\"isPartOf\":{\"@id\":\"https:\/\/comidacaserayecikaygloria.com\/#website\"},\"datePublished\":\"2022-10-10T11:20:20+00:00\",\"dateModified\":\"2023-06-28T18:33:13+00:00\",\"breadcrumb\":{\"@id\":\"https:\/\/comidacaserayecikaygloria.com\/aviso-legal\/#breadcrumb\"},\"inLanguage\":\"en-GB\",\"potentialAction\":[{\"@type\":\"ReadAction\",\"target\":[\"https:\/\/comidacaserayecikaygloria.com\/aviso-legal\/\"]}]},{\"@type\":\"BreadcrumbList\",\"@id\":\"https:\/\/comidacaserayecikaygloria.com\/aviso-legal\/#breadcrumb\",\"itemListElement\":[{\"@type\":\"ListItem\",\"position\":1,\"name\":\"Portada\",\"item\":\"https:\/\/comidacaserayecikaygloria.com\/\"},{\"@type\":\"ListItem\",\"position\":2,\"name\":\"Aviso legal\"}]},{\"@type\":\"WebSite\",\"@id\":\"https:\/\/comidacaserayecikaygloria.com\/#website\",\"url\":\"https:\/\/comidacaserayecikaygloria.com\/\",\"name\":\"Las Ni\u00f1as\",\"description\":\"Comidas caseras para llevar\",\"publisher\":{\"@id\":\"https:\/\/comidacaserayecikaygloria.com\/#organization\"},\"alternateName\":\"Comidas caseras Las Ni\u00f1as\",\"potentialAction\":[{\"@type\":\"SearchAction\",\"target\":{\"@type\":\"EntryPoint\",\"urlTemplate\":\"https:\/\/comidacaserayecikaygloria.com\/?s={search_term_string}\"},\"query-input\":{\"@type\":\"PropertyValueSpecification\",\"valueRequired\":true,\"valueName\":\"search_term_string\"}}],\"inLanguage\":\"en-GB\"},{\"@type\":\"Organization\",\"@id\":\"https:\/\/comidacaserayecikaygloria.com\/#organization\",\"name\":\"Las Ni\u00f1as\",\"url\":\"https:\/\/comidacaserayecikaygloria.com\/\",\"logo\":{\"@type\":\"ImageObject\",\"inLanguage\":\"en-GB\",\"@id\":\"https:\/\/comidacaserayecikaygloria.com\/#\/schema\/logo\/image\/\",\"url\":\"https:\/\/comidacaserayecikaygloria.com\/wp-content\/uploads\/cropped-logo-las-ninas.jpg\",\"contentUrl\":\"https:\/\/comidacaserayecikaygloria.com\/wp-content\/uploads\/cropped-logo-las-ninas.jpg\",\"width\":517,\"height\":147,\"caption\":\"Las Ni\u00f1as\"},\"image\":{\"@id\":\"https:\/\/comidacaserayecikaygloria.com\/#\/schema\/logo\/image\/\"}}]}<\/script>\n<!-- \/ Yoast SEO plugin. -->","yoast_head_json":{"title":"Aviso legal - Las ni\u00f1as","robots":{"index":"noindex","follow":"follow"},"og_locale":"en_GB","og_type":"article","og_title":"Aviso legal - Las ni\u00f1as","og_description":"Propietario: El propietario de esta web y de sus contenidos y a quien puedes dirigirte es: Nombre de la empresa: Yecika Leandra Lasso Palacios Nombre comercial: Las Ni\u00f1as NIF: 77966979S Direcci\u00f3n: C\/ Progreso 38, Local 3, 18110 Las Gabias (Granada) La actividad de esta web es: Comida para llevar Correo electr\u00f3nico: comidacaseralasninas@gmail.com Condiciones de uso. [&hellip;]","og_url":"https:\/\/comidacaserayecikaygloria.com\/en\/aviso-legal\/","og_site_name":"Las ni\u00f1as","article_modified_time":"2023-06-28T18:33:13+00:00","og_image":[{"width":517,"height":166,"url":"https:\/\/comidacaserayecikaygloria.com\/wp-content\/uploads\/logo-las-ninas.jpg","type":"image\/jpeg"}],"twitter_card":"summary_large_image","twitter_misc":{"Estimated reading time":"6 minutes"},"schema":{"@context":"https:\/\/schema.org","@graph":[{"@type":"WebPage","@id":"https:\/\/comidacaserayecikaygloria.com\/aviso-legal\/","url":"https:\/\/comidacaserayecikaygloria.com\/aviso-legal\/","name":"Aviso legal - Las ni\u00f1as","isPartOf":{"@id":"https:\/\/comidacaserayecikaygloria.com\/#website"},"datePublished":"2022-10-10T11:20:20+00:00","dateModified":"2023-06-28T18:33:13+00:00","breadcrumb":{"@id":"https:\/\/comidacaserayecikaygloria.com\/aviso-legal\/#breadcrumb"},"inLanguage":"en-GB","potentialAction":[{"@type":"ReadAction","target":["https:\/\/comidacaserayecikaygloria.com\/aviso-legal\/"]}]},{"@type":"BreadcrumbList","@id":"https:\/\/comidacaserayecikaygloria.com\/aviso-legal\/#breadcrumb","itemListElement":[{"@type":"ListItem","position":1,"name":"Portada","item":"https:\/\/comidacaserayecikaygloria.com\/"},{"@type":"ListItem","position":2,"name":"Aviso legal"}]},{"@type":"WebSite","@id":"https:\/\/comidacaserayecikaygloria.com\/#website","url":"https:\/\/comidacaserayecikaygloria.com\/","name":"Las Ni\u00f1as","description":"Comidas caseras para llevar","publisher":{"@id":"https:\/\/comidacaserayecikaygloria.com\/#organization"},"alternateName":"Comidas caseras Las Ni\u00f1as","potentialAction":[{"@type":"SearchAction","target":{"@type":"EntryPoint","urlTemplate":"https:\/\/comidacaserayecikaygloria.com\/?s={search_term_string}"},"query-input":{"@type":"PropertyValueSpecification","valueRequired":true,"valueName":"search_term_string"}}],"inLanguage":"en-GB"},{"@type":"Organization","@id":"https:\/\/comidacaserayecikaygloria.com\/#organization","name":"Las Ni\u00f1as","url":"https:\/\/comidacaserayecikaygloria.com\/","logo":{"@type":"ImageObject","inLanguage":"en-GB","@id":"https:\/\/comidacaserayecikaygloria.com\/#\/schema\/logo\/image\/","url":"https:\/\/comidacaserayecikaygloria.com\/wp-content\/uploads\/cropped-logo-las-ninas.jpg","contentUrl":"https:\/\/comidacaserayecikaygloria.com\/wp-content\/uploads\/cropped-logo-las-ninas.jpg","width":517,"height":147,"caption":"Las Ni\u00f1as"},"image":{"@id":"https:\/\/comidacaserayecikaygloria.com\/#\/schema\/logo\/image\/"}}]}},"_links":{"self":[{"href":"https:\/\/comidacaserayecikaygloria.com\/en\/wp-json\/wp\/v2\/pages\/26"}],"collection":[{"href":"https:\/\/comidacaserayecikaygloria.com\/en\/wp-json\/wp\/v2\/pages"}],"about":[{"href":"https:\/\/comidacaserayecikaygloria.com\/en\/wp-json\/wp\/v2\/types\/page"}],"author":[{"embeddable":true,"href":"https:\/\/comidacaserayecikaygloria.com\/en\/wp-json\/wp\/v2\/users\/1"}],"replies":[{"embeddable":true,"href":"https:\/\/comidacaserayecikaygloria.com\/en\/wp-json\/wp\/v2\/comments?post=26"}],"version-history":[{"count":1,"href":"https:\/\/comidacaserayecikaygloria.com\/en\/wp-json\/wp\/v2\/pages\/26\/revisions"}],"predecessor-version":[{"id":485,"href":"https:\/\/comidacaserayecikaygloria.com\/en\/wp-json\/wp\/v2\/pages\/26\/revisions\/485"}],"wp:attachment":[{"href":"https:\/\/comidacaserayecikaygloria.com\/en\/wp-json\/wp\/v2\/media?parent=26"}],"curies":[{"name":"wp","href":"https:\/\/api.w.org\/{rel}","templated":true}]}}