{"id":28,"date":"2022-10-10T13:21:08","date_gmt":"2022-10-10T11:21:08","guid":{"rendered":"https:\/\/xn--comidacaseralasnias-c4b.com\/?page_id=28"},"modified":"2023-06-28T20:33:33","modified_gmt":"2023-06-28T18:33:33","slug":"politica-de-cookies","status":"publish","type":"page","link":"https:\/\/comidacaserayecikaygloria.com\/en\/politica-de-cookies\/","title":{"rendered":"Pol\u00edtica de cookies"},"content":{"rendered":"<div data-elementor-type=\"wp-page\" data-elementor-id=\"28\" class=\"elementor elementor-28\" data-elementor-post-type=\"page\">\n\t\t\t\t\t\t<section class=\"elementor-section elementor-top-section elementor-element elementor-element-0995163 elementor-section-height-min-height elementor-section-content-middle elementor-section-boxed elementor-section-height-default elementor-section-items-middle\" data-id=\"0995163\" data-element_type=\"section\" data-settings=\"{&quot;background_background&quot;:&quot;classic&quot;}\">\n\t\t\t\t\t\t\t<div class=\"elementor-background-overlay\"><\/div>\n\t\t\t\t\t\t\t<div class=\"elementor-container elementor-column-gap-no\">\n\t\t\t\t\t<div class=\"elementor-column elementor-col-100 elementor-top-column elementor-element elementor-element-c846dc3 elementor-invisible\" data-id=\"c846dc3\" data-element_type=\"column\" data-settings=\"{&quot;animation&quot;:&quot;fadeInUp&quot;}\">\n\t\t\t<div class=\"elementor-widget-wrap elementor-element-populated\">\n\t\t\t\t\t\t\t<\/div>\n\t\t<\/div>\n\t\t\t\t\t<\/div>\n\t\t<\/section>\n\t\t\t\t<section class=\"elementor-section elementor-top-section elementor-element elementor-element-6508bab elementor-section-boxed elementor-section-height-default elementor-section-height-default\" data-id=\"6508bab\" data-element_type=\"section\">\n\t\t\t\t\t\t<div class=\"elementor-container elementor-column-gap-default\">\n\t\t\t\t\t<div class=\"elementor-column elementor-col-100 elementor-top-column elementor-element elementor-element-88dd721\" data-id=\"88dd721\" data-element_type=\"column\">\n\t\t\t<div class=\"elementor-widget-wrap elementor-element-populated\">\n\t\t\t\t\t\t<div class=\"elementor-element elementor-element-9660c6f elementor-widget elementor-widget-text-editor\" data-id=\"9660c6f\" data-element_type=\"widget\" data-widget_type=\"text-editor.default\">\n\t\t\t\t<div class=\"elementor-widget-container\">\n\t\t\t\t\t\t\t<h4><b>\u00bfPor qu\u00e9 debemos informarte de las cookies?<\/b><\/h4>\n<span style=\"font-weight: 400;\">Una de las maneras de recoger informaci\u00f3n personal de manera indirecta es mediante las cookies y por ese motivo, <\/span><b>dentro del reglamento LSSI-CE<\/b><span style=\"font-weight: 400;\"> (Ley de la sociedad de la informaci\u00f3n y del comercio electr\u00f3nico), hay un apartado dedicado a las cookies que exige a quienes tenemos una web que descargue en tu navegador cookies de terceros, tenemos la obligaci\u00f3n de informar al usuario sobre el tipo de cookies, la duraci\u00f3n y la finalidad de cada una de ellas.<\/span>\n\n<span style=\"font-weight: 400;\">Por tanto, aqu\u00ed podr\u00e1s conocer el tipo de cookies que existen y la informaci\u00f3n que recogen en esta web.<\/span>\n\n<span style=\"font-weight: 400;\">El sitio web de Las Ni\u00f1as<\/span><b> emplea cookies propias y de terceros.<\/b><span style=\"font-weight: 400;\"> Las de terceros se emplean \u00fanica y exclusivamente con un prop\u00f3sito estad\u00edstico (registro de p\u00e1ginas visitadas, tiempos de visita, p\u00e1ginas de acceso, etc\u2026), y recopilan informaci\u00f3n an\u00f3nima para que puedas compartir contenido en redes sociales, mejorar la experiencia de navegaci\u00f3n.<\/span>\n\n<span style=\"font-weight: 400;\">Las propias se encargan de la gesti\u00f3n de la sesi\u00f3n para el acceso a las zonas que requieren autenticaci\u00f3n.<\/span>\n\n<span style=\"font-weight: 400;\">Como usuario, puedes rechazar el tratamiento de los datos o la informaci\u00f3n bloqueando estas cookies mediante la configuraci\u00f3n apropiada de tu navegador. Sin embargo, debes saber que, si lo haces, este sitio no funciona adecuadamente.<\/span>\n\n<span style=\"font-weight: 400;\">Si continuas navegando estar\u00e1s dando tu consentimiento para el almacenamiento de esta cookies en el periodo determinado de cada una de ellas, identificado posteriormente.<\/span>\n\n<span style=\"font-weight: 400;\">Si no quieres aceptarlas o deseas modificarlas, puedes cambiar la configuraci\u00f3n de tu navegador para ser avisado de la recepci\u00f3n de cookies o desactivarlas.<\/span>\n\n<span style=\"font-weight: 400;\">\u00a0<\/span>\n<h4><b>\u00bfQu\u00e9 es una cookie?<\/b><\/h4>\n<span style=\"font-weight: 400;\">Una cookie es un peque\u00f1o archivo que se env\u00eda al ordenador o dispositivo (Smartphone o tablet) del usuario cuando visita una p\u00e1gina web. Las cookies permiten que los sitios conserven informaci\u00f3n sobre su visita.<\/span>\n\n<span style=\"font-weight: 400;\">La mayor\u00eda de los sitos web usan cookies, ya que gracias a esta informaci\u00f3n, se puede hacer que su pr\u00f3xima visita sea m\u00e1s f\u00e1cil y, por lo tanto, que el sitio le sea m\u00e1s \u00fatil.<\/span>\n\n<span style=\"font-weight: 400;\">Teniendo en cuenta la forma en la que funciona Internet y los sitios web, <\/span><b>no siempre es posible contar con informaci\u00f3n de las <\/b><b><i>cookies<\/i><\/b><span style=\"font-weight: 400;\"> que colocan terceras partes a trav\u00e9s de nuestro sitio web. Esto se aplica especialmente a casos en los que este sitio web contiene lo que se denominan elementos integrados: textos, documentos, im\u00e1genes o breves pel\u00edculas que se almacenan en otra parte pero que se muestran en este blog.<\/span>\n\n<span style=\"font-weight: 400;\">Si encuentras con cookies que no est\u00e1n identificadas en esta pol\u00edtica de cookies, h\u00e1znoslo saber, para que procedamos a su revisi\u00f3n y a\u00f1adirla, si fuera el caso a la lista siguiente:<\/span>\n\n<span style=\"font-weight: 400;\">De igual forma si no deseas que se instalen cookies en tu navegador o dispositivo o que te avise cada vez que una cookie quiera instalarse puedes configurar tu navegador.<\/span>\n\n<span style=\"font-weight: 400;\">La mayor parte de los navegadores permiten la gesti\u00f3n de las cookies de 3 formas diferentes:<\/span>\n<ul>\n \t<li style=\"font-weight: 400;\" aria-level=\"1\"><span style=\"font-weight: 400;\">Las <\/span><i><span style=\"font-weight: 400;\">cookies<\/span><\/i><span style=\"font-weight: 400;\"> se rechazan siempre<\/span><\/li>\n \t<li style=\"font-weight: 400;\" aria-level=\"1\"><span style=\"font-weight: 400;\">El navegador pregunta si el usuario desea instalar cada <\/span><i><span style=\"font-weight: 400;\">cookie.<\/span><\/i><\/li>\n \t<li style=\"font-weight: 400;\" aria-level=\"1\"><span style=\"font-weight: 400;\">Las <\/span><i><span style=\"font-weight: 400;\">cookies<\/span><\/i><span style=\"font-weight: 400;\"> se aceptan siempre.<\/span><\/li>\n<\/ul>\n<span style=\"font-weight: 400;\">El navegador tambi\u00e9n puede incluir la posibilidad de especificar mejor qu\u00e9 cookies tienen que ser aceptadas y cu\u00e1les no. Normalmente tienes estas opciones:<\/span>\n<ul>\n \t<li style=\"font-weight: 400;\" aria-level=\"1\"><span style=\"font-weight: 400;\">Rechazar las cookies de determinados dominios.<\/span><\/li>\n \t<li style=\"font-weight: 400;\" aria-level=\"1\"><span style=\"font-weight: 400;\">Rechazar las cookies de terceros.<\/span><\/li>\n \t<li style=\"font-weight: 400;\" aria-level=\"1\"><span style=\"font-weight: 400;\">Aceptar cookies como no persistentes (se eliminan cuando el navegador se cierra)<\/span><\/li>\n \t<li style=\"font-weight: 400;\" aria-level=\"1\"><span style=\"font-weight: 400;\">Permitir al servidor crear cookies para un dominio diferente.<\/span><\/li>\n<\/ul>\n<h4><b>Funciones de las cookies:<\/b><\/h4>\n<span style=\"font-weight: 400;\">Las cookies de este sitio web, en ning\u00fan caso\u00a0 almacenan informaci\u00f3n sensible como datos bancarios o de car\u00e1cter personal ni compartir\u00e1n datos con terceros.<\/span>\n\n<span style=\"font-weight: 400;\">El uso de cookies en este sitio web permite visualizar v\u00eddeo, identificarte como usuario para que no tengas que iniciar sesi\u00f3n y puedas realizar comentarios, mejorar de manera cont\u00ednua este sitio web.<\/span>\n\n<span style=\"font-weight: 400;\">\u00a0<\/span>\n<h4><b>Cookies que utilizamos<\/b><\/h4>\n<ul>\n \t<li style=\"font-weight: 400;\" aria-level=\"1\"><b>Las generadas por Google Analytics<\/b><span style=\"font-weight: 400;\">. Nos ayuda a analizar el uso que hacen los usuarios en la web y mejorar la usabilidad del mismo, pero en ning\u00fan caso se asocian a datos que pudieran llegar a identificar al usuario.<\/span><\/li>\n<\/ul>\n<span style=\"font-weight: 400;\">Google Analytics, es un servicio anal\u00edtico de web prestado por Google, Inc.\u00a0 Estos datos est\u00e1n almacenados en sus servidores que est\u00e1n ubicados en EEUU, y siguen y cumplen\u00a0 las directrices de la UE.<\/span>\n<ul>\n \t<li style=\"font-weight: 400;\" aria-level=\"1\"><b>Las generadas por Google adwords.<\/b><span style=\"font-weight: 400;\"> Utilizamos las cookies de adwords para analizar las conversiones que se realizan en esta web y poder valorar la inversi\u00f3n publicitaria.<\/span><\/li>\n<\/ul>\n<span style=\"font-weight: 400;\">Google adwords es un servicio de publicidad online para anunciantes prestado por google INC. Estos datos est\u00e1n almacenados en sus servidores que est\u00e1n ubicados en EEUU, y siguen y cumplen\u00a0 las directrices de la UE.<\/span>\n<ul>\n \t<li style=\"font-weight: 400;\" aria-level=\"1\"><b>Las generadas por redes sociales. <\/b><span style=\"font-weight: 400;\">Las cookies de redes sociales se instalan en tu navegador cuando pulsas el bot\u00f3n de compartir en algunas de las redes sociales que cuentan con estos botones en este <\/span><i><span style=\"font-weight: 400;\">site.<\/span><\/i><\/li>\n<\/ul>\n<span style=\"font-weight: 400;\">Las empresas que utilizan este tipo de cookies tiene su propia pol\u00edtica de privacidad:<\/span>\n<ul>\n \t<li style=\"font-weight: 400;\" aria-level=\"1\"><span style=\"font-weight: 400;\">Cookie de Twitter, seg\u00fan lo dispuesto en su <\/span><a href=\"https:\/\/twitter.com\/privacy\"><span style=\"font-weight: 400;\">pol\u00edtica de privacidad y uso de cookies.<\/span><\/a><\/li>\n \t<li style=\"font-weight: 400;\" aria-level=\"1\"><i><span style=\"font-weight: 400;\">Cookie<\/span><\/i><span style=\"font-weight: 400;\"> de Google+, seg\u00fan lo dispuesto en su <\/span><a href=\"https:\/\/www.google.es\/intl\/es\/policies\/technologies\/cookies\/\"><span style=\"font-weight: 400;\">Pol\u00edtica de <\/span><i><span style=\"font-weight: 400;\">cookies<\/span><\/i><\/a><span style=\"font-weight: 400;\">.<\/span><\/li>\n \t<li style=\"font-weight: 400;\" aria-level=\"1\"><span style=\"font-weight: 400;\">Cookie de Linkedin, seg\u00fan lo dispuesto en su <\/span><a href=\"https:\/\/www.linkedin.com\/legal\/cookie-policy?trk=hp-cookies\"><span style=\"font-weight: 400;\">Pol\u00edtica de cookies<\/span><\/a><\/li>\n \t<li style=\"font-weight: 400;\" aria-level=\"1\"><span style=\"font-weight: 400;\">Cookie de Facebook, seg\u00fan lo dispuesto en su <\/span><a href=\"https:\/\/www.facebook.com\/help\/cookies?ref_type=sitefooter\"><span style=\"font-weight: 400;\">Pol\u00edtica de Cookies<\/span><\/a><\/li>\n<\/ul>\n<span style=\"font-weight: 400;\">\u00a0<\/span>\n\n<div id=\"cookiefirst-cookies-table\"><\/div>\n  <div>Esta tabla de cookies ha sido creada y actualizada por <a href=\"https:\/\/cookiefirst.com\/es\/politica-de-cookies\/\">Politica de Cookies | CookieFirst<\/a>.<\/div>\n  \n<h4><b>C\u00f3mo gestionar y desactivar estas cookies.<\/b><\/h4>\n<span style=\"font-weight: 400;\">Si no deseas que los sitios web pongan ninguna cookie en tu equipo, <\/span><b>puedes adaptar la configuraci\u00f3n del navegador de modo que se te notifique antes de que se descargue ninguna cookie.<\/b>\n\n<span style=\"font-weight: 400;\">Tambi\u00e9n, puedes adaptar la configuraci\u00f3n del navegador de forma que rechace todas las cookies, o \u00fanicamente las cookies de terceros. Tambi\u00e9n puedes eliminar cualquiera de las cookies que ya se encuentren en tu equipo.<\/span>\n\n<span style=\"font-weight: 400;\">Ten en cuenta que tendr\u00e1s que adaptar por separado la configuraci\u00f3n de cada navegador y equipo que utilices.<\/span>\n\n<span style=\"font-weight: 400;\">Para ello te dejamos las instrucciones y m\u00e9todos que utiliza cada navegador o los m\u00e1s populares para que puedas configurarlos:<\/span>\n<ul>\n \t<li style=\"font-weight: 400;\" aria-level=\"1\"><a href=\"https:\/\/support.google.com\/chrome\/answer\/95647?hl=es-419\"><span style=\"font-weight: 400;\">Google Chrome<\/span><\/a><\/li>\n \t<li style=\"font-weight: 400;\" aria-level=\"1\"><a href=\"https:\/\/support.microsoft.com\/es-es\/help\/17442\/windows-internet-explorer-delete-manage-cookies#ie=ie-10\"><span style=\"font-weight: 400;\">Internet explorer<\/span><\/a><\/li>\n \t<li style=\"font-weight: 400;\" aria-level=\"1\"><a href=\"https:\/\/support.mozilla.org\/es\/kb\/habilitar-y-deshabilitar-cookies-sitios-web-rastrear-preferencias?redirectlocale=es&amp;redirectslug=habilitar-y-deshabilitar-cookies-que-los-sitios-we\"><span style=\"font-weight: 400;\">Mozilla<\/span><\/a><\/li>\n \t<li style=\"font-weight: 400;\" aria-level=\"1\"><a href=\"https:\/\/support.apple.com\/es-es\/HT201265\"><span style=\"font-weight: 400;\">Safari<\/span><\/a><\/li>\n<\/ul>\n<span style=\"font-weight: 400;\">Contacta con nosotros para cualquier duda o sugerencia acerca de esta pol\u00edtica de cookies o de privacidad.<\/span>\n\n<span style=\"font-weight: 400;\">\u00a0<\/span>\t\t\t\t\t\t<\/div>\n\t\t\t\t<\/div>\n\t\t\t\t\t<\/div>\n\t\t<\/div>\n\t\t\t\t\t<\/div>\n\t\t<\/section>\n\t\t\t\t<\/div>","protected":false},"excerpt":{"rendered":"<p>\u00bfPor qu\u00e9 debemos informarte de las cookies? Una de las maneras de recoger informaci\u00f3n personal de manera indirecta es mediante las cookies y por ese motivo, dentro del reglamento LSSI-CE (Ley de la sociedad de la informaci\u00f3n y del comercio electr\u00f3nico), hay un apartado dedicado a las cookies que exige a quienes tenemos una web [&hellip;]<\/p>","protected":false},"author":1,"featured_media":0,"parent":0,"menu_order":7,"comment_status":"closed","ping_status":"closed","template":"elementor_header_footer","meta":{"_monsterinsights_skip_tracking":false,"_monsterinsights_sitenote_active":false,"_monsterinsights_sitenote_note":"","_monsterinsights_sitenote_category":0,"footnotes":""},"class_list":["post-28","page","type-page","status-publish","hentry"],"yoast_head":"<!-- This site is optimized with the Yoast SEO plugin v23.4 - https:\/\/yoast.com\/wordpress\/plugins\/seo\/ -->\n<title>Pol\u00edtica de cookies - Las ni\u00f1as<\/title>\n<meta name=\"robots\" content=\"noindex, follow\" \/>\n<meta property=\"og:locale\" content=\"en_GB\" \/>\n<meta property=\"og:type\" content=\"article\" \/>\n<meta property=\"og:title\" content=\"Pol\u00edtica de cookies - Las ni\u00f1as\" \/>\n<meta property=\"og:description\" content=\"\u00bfPor qu\u00e9 debemos informarte de las cookies? Una de las maneras de recoger informaci\u00f3n personal de manera indirecta es mediante las cookies y por ese motivo, dentro del reglamento LSSI-CE (Ley de la sociedad de la informaci\u00f3n y del comercio electr\u00f3nico), hay un apartado dedicado a las cookies que exige a quienes tenemos una web [&hellip;]\" \/>\n<meta property=\"og:url\" content=\"https:\/\/comidacaserayecikaygloria.com\/en\/politica-de-cookies\/\" \/>\n<meta property=\"og:site_name\" content=\"Las ni\u00f1as\" \/>\n<meta property=\"article:modified_time\" content=\"2023-06-28T18:33:33+00:00\" \/>\n<meta property=\"og:image\" content=\"https:\/\/comidacaserayecikaygloria.com\/wp-content\/uploads\/logo-las-ninas.jpg\" \/>\n\t<meta property=\"og:image:width\" content=\"517\" \/>\n\t<meta property=\"og:image:height\" content=\"166\" \/>\n\t<meta property=\"og:image:type\" content=\"image\/jpeg\" \/>\n<meta name=\"twitter:card\" content=\"summary_large_image\" \/>\n<meta name=\"twitter:label1\" content=\"Estimated reading time\" \/>\n\t<meta name=\"twitter:data1\" content=\"5 minutes\" \/>\n<script type=\"application\/ld+json\" class=\"yoast-schema-graph\">{\"@context\":\"https:\/\/schema.org\",\"@graph\":[{\"@type\":\"WebPage\",\"@id\":\"https:\/\/comidacaserayecikaygloria.com\/politica-de-cookies\/\",\"url\":\"https:\/\/comidacaserayecikaygloria.com\/politica-de-cookies\/\",\"name\":\"Pol\u00edtica de cookies - Las ni\u00f1as\",\"isPartOf\":{\"@id\":\"https:\/\/comidacaserayecikaygloria.com\/#website\"},\"datePublished\":\"2022-10-10T11:21:08+00:00\",\"dateModified\":\"2023-06-28T18:33:33+00:00\",\"breadcrumb\":{\"@id\":\"https:\/\/comidacaserayecikaygloria.com\/politica-de-cookies\/#breadcrumb\"},\"inLanguage\":\"en-GB\",\"potentialAction\":[{\"@type\":\"ReadAction\",\"target\":[\"https:\/\/comidacaserayecikaygloria.com\/politica-de-cookies\/\"]}]},{\"@type\":\"BreadcrumbList\",\"@id\":\"https:\/\/comidacaserayecikaygloria.com\/politica-de-cookies\/#breadcrumb\",\"itemListElement\":[{\"@type\":\"ListItem\",\"position\":1,\"name\":\"Portada\",\"item\":\"https:\/\/comidacaserayecikaygloria.com\/\"},{\"@type\":\"ListItem\",\"position\":2,\"name\":\"Pol\u00edtica de cookies\"}]},{\"@type\":\"WebSite\",\"@id\":\"https:\/\/comidacaserayecikaygloria.com\/#website\",\"url\":\"https:\/\/comidacaserayecikaygloria.com\/\",\"name\":\"Las Ni\u00f1as\",\"description\":\"Comidas caseras para llevar\",\"publisher\":{\"@id\":\"https:\/\/comidacaserayecikaygloria.com\/#organization\"},\"alternateName\":\"Comidas caseras Las Ni\u00f1as\",\"potentialAction\":[{\"@type\":\"SearchAction\",\"target\":{\"@type\":\"EntryPoint\",\"urlTemplate\":\"https:\/\/comidacaserayecikaygloria.com\/?s={search_term_string}\"},\"query-input\":{\"@type\":\"PropertyValueSpecification\",\"valueRequired\":true,\"valueName\":\"search_term_string\"}}],\"inLanguage\":\"en-GB\"},{\"@type\":\"Organization\",\"@id\":\"https:\/\/comidacaserayecikaygloria.com\/#organization\",\"name\":\"Las Ni\u00f1as\",\"url\":\"https:\/\/comidacaserayecikaygloria.com\/\",\"logo\":{\"@type\":\"ImageObject\",\"inLanguage\":\"en-GB\",\"@id\":\"https:\/\/comidacaserayecikaygloria.com\/#\/schema\/logo\/image\/\",\"url\":\"https:\/\/comidacaserayecikaygloria.com\/wp-content\/uploads\/cropped-logo-las-ninas.jpg\",\"contentUrl\":\"https:\/\/comidacaserayecikaygloria.com\/wp-content\/uploads\/cropped-logo-las-ninas.jpg\",\"width\":517,\"height\":147,\"caption\":\"Las Ni\u00f1as\"},\"image\":{\"@id\":\"https:\/\/comidacaserayecikaygloria.com\/#\/schema\/logo\/image\/\"}}]}<\/script>\n<!-- \/ Yoast SEO plugin. -->","yoast_head_json":{"title":"Pol\u00edtica de cookies - Las ni\u00f1as","robots":{"index":"noindex","follow":"follow"},"og_locale":"en_GB","og_type":"article","og_title":"Pol\u00edtica de cookies - Las ni\u00f1as","og_description":"\u00bfPor qu\u00e9 debemos informarte de las cookies? Una de las maneras de recoger informaci\u00f3n personal de manera indirecta es mediante las cookies y por ese motivo, dentro del reglamento LSSI-CE (Ley de la sociedad de la informaci\u00f3n y del comercio electr\u00f3nico), hay un apartado dedicado a las cookies que exige a quienes tenemos una web [&hellip;]","og_url":"https:\/\/comidacaserayecikaygloria.com\/en\/politica-de-cookies\/","og_site_name":"Las ni\u00f1as","article_modified_time":"2023-06-28T18:33:33+00:00","og_image":[{"width":517,"height":166,"url":"https:\/\/comidacaserayecikaygloria.com\/wp-content\/uploads\/logo-las-ninas.jpg","type":"image\/jpeg"}],"twitter_card":"summary_large_image","twitter_misc":{"Estimated reading time":"5 minutes"},"schema":{"@context":"https:\/\/schema.org","@graph":[{"@type":"WebPage","@id":"https:\/\/comidacaserayecikaygloria.com\/politica-de-cookies\/","url":"https:\/\/comidacaserayecikaygloria.com\/politica-de-cookies\/","name":"Pol\u00edtica de cookies - Las ni\u00f1as","isPartOf":{"@id":"https:\/\/comidacaserayecikaygloria.com\/#website"},"datePublished":"2022-10-10T11:21:08+00:00","dateModified":"2023-06-28T18:33:33+00:00","breadcrumb":{"@id":"https:\/\/comidacaserayecikaygloria.com\/politica-de-cookies\/#breadcrumb"},"inLanguage":"en-GB","potentialAction":[{"@type":"ReadAction","target":["https:\/\/comidacaserayecikaygloria.com\/politica-de-cookies\/"]}]},{"@type":"BreadcrumbList","@id":"https:\/\/comidacaserayecikaygloria.com\/politica-de-cookies\/#breadcrumb","itemListElement":[{"@type":"ListItem","position":1,"name":"Portada","item":"https:\/\/comidacaserayecikaygloria.com\/"},{"@type":"ListItem","position":2,"name":"Pol\u00edtica de cookies"}]},{"@type":"WebSite","@id":"https:\/\/comidacaserayecikaygloria.com\/#website","url":"https:\/\/comidacaserayecikaygloria.com\/","name":"Las Ni\u00f1as","description":"Comidas caseras para llevar","publisher":{"@id":"https:\/\/comidacaserayecikaygloria.com\/#organization"},"alternateName":"Comidas caseras Las Ni\u00f1as","potentialAction":[{"@type":"SearchAction","target":{"@type":"EntryPoint","urlTemplate":"https:\/\/comidacaserayecikaygloria.com\/?s={search_term_string}"},"query-input":{"@type":"PropertyValueSpecification","valueRequired":true,"valueName":"search_term_string"}}],"inLanguage":"en-GB"},{"@type":"Organization","@id":"https:\/\/comidacaserayecikaygloria.com\/#organization","name":"Las Ni\u00f1as","url":"https:\/\/comidacaserayecikaygloria.com\/","logo":{"@type":"ImageObject","inLanguage":"en-GB","@id":"https:\/\/comidacaserayecikaygloria.com\/#\/schema\/logo\/image\/","url":"https:\/\/comidacaserayecikaygloria.com\/wp-content\/uploads\/cropped-logo-las-ninas.jpg","contentUrl":"https:\/\/comidacaserayecikaygloria.com\/wp-content\/uploads\/cropped-logo-las-ninas.jpg","width":517,"height":147,"caption":"Las Ni\u00f1as"},"image":{"@id":"https:\/\/comidacaserayecikaygloria.com\/#\/schema\/logo\/image\/"}}]}},"_links":{"self":[{"href":"https:\/\/comidacaserayecikaygloria.com\/en\/wp-json\/wp\/v2\/pages\/28"}],"collection":[{"href":"https:\/\/comidacaserayecikaygloria.com\/en\/wp-json\/wp\/v2\/pages"}],"about":[{"href":"https:\/\/comidacaserayecikaygloria.com\/en\/wp-json\/wp\/v2\/types\/page"}],"author":[{"embeddable":true,"href":"https:\/\/comidacaserayecikaygloria.com\/en\/wp-json\/wp\/v2\/users\/1"}],"replies":[{"embeddable":true,"href":"https:\/\/comidacaserayecikaygloria.com\/en\/wp-json\/wp\/v2\/comments?post=28"}],"version-history":[{"count":1,"href":"https:\/\/comidacaserayecikaygloria.com\/en\/wp-json\/wp\/v2\/pages\/28\/revisions"}],"predecessor-version":[{"id":487,"href":"https:\/\/comidacaserayecikaygloria.com\/en\/wp-json\/wp\/v2\/pages\/28\/revisions\/487"}],"wp:attachment":[{"href":"https:\/\/comidacaserayecikaygloria.com\/en\/wp-json\/wp\/v2\/media?parent=28"}],"curies":[{"name":"wp","href":"https:\/\/api.w.org\/{rel}","templated":true}]}}